{"id":5322,"date":"2021-08-25T09:40:13","date_gmt":"2021-08-25T09:40:13","guid":{"rendered":"http:\/\/dummy.xtemos.com\/woodmart2\/?page_id=5322"},"modified":"2025-09-09T12:45:26","modified_gmt":"2025-09-09T09:45:26","slug":"contact-us","status":"publish","type":"page","link":"https:\/\/www.harputdibek.com\/en\/contact-us\/","title":{"rendered":"Contact Us"},"content":{"rendered":"<div class=\"wpb-content-wrapper\"><p>[vc_row css=&#8221;.vc_custom_1629884823266{margin-bottom: 0px !important;}&#8221; wd_z_index=&#8221;no&#8221; woodmart_css_id=&#8221;612611951eaea&#8221; responsive_spacing=&#8221;eyJwYXJhbV90eXBlIjoid29vZG1hcnRfcmVzcG9uc2l2ZV9zcGFjaW5nIiwic2VsZWN0b3JfaWQiOiI2MTI2MTE5NTFlYWVhIiwic2hvcnRjb2RlIjoidmNfcm93IiwiZGF0YSI6eyJ0YWJsZXQiOnt9LCJtb2JpbGUiOnt9fX0=&#8221; mobile_bg_img_hidden=&#8221;no&#8221; tablet_bg_img_hidden=&#8221;no&#8221; woodmart_parallax=&#8221;0&#8243; woodmart_gradient_switch=&#8221;no&#8221; row_reverse_mobile=&#8221;0&#8243; row_reverse_tablet=&#8221;0&#8243; woodmart_disable_overflow=&#8221;0&#8243;][vc_column width=&#8221;1\/2&#8243; css=&#8221;.vc_custom_1629884819677{margin-bottom: 35px !important;padding-top: 10px !important;}&#8221; offset=&#8221;vc_col-lg-4 vc_col-md-4&#8243; wd_z_index=&#8221;no&#8221; woodmart_css_id=&#8221;61261191a5446&#8243; responsive_spacing=&#8221;eyJwYXJhbV90eXBlIjoid29vZG1hcnRfcmVzcG9uc2l2ZV9zcGFjaW5nIiwic2VsZWN0b3JfaWQiOiI2MTI2MTE5MWE1NDQ2Iiwic2hvcnRjb2RlIjoidmNfY29sdW1uIiwiZGF0YSI6eyJ0YWJsZXQiOnt9LCJtb2JpbGUiOnt9fX0=&#8221; parallax_scroll=&#8221;no&#8221; mobile_bg_img_hidden=&#8221;no&#8221; tablet_bg_img_hidden=&#8221;no&#8221; woodmart_parallax=&#8221;0&#8243; woodmart_sticky_column=&#8221;false&#8221; mobile_reset_margin=&#8221;no&#8221; tablet_reset_margin=&#8221;no&#8221;]\n\t\t<div id=\"wd-68a7d7b350487\" class=\"title-wrapper wd-wpb wd-set-mb reset-last-child  wd-rs-68a7d7b350487 wd-title-color-default wd-title-style-default text-left vc_custom_1755830217758 wd-underline-colored\">\n\t\t\t\n\t\t\t<div class=\"liner-continer\">\n\t\t\t\t<h4 class=\"woodmart-title-container title  wd-font-weight- wd-fontsize-m\" >HARPUT KAHVE LTD. \u015eT\u0130.<\/h4>\n\t\t\t\t\t\t\t<\/div>\n\t\t\t\n\t\t\t\n\t\t\t\n\t\t<\/div>\n\t\t\n\t\t\n\t\t<div id=\"wd-68ae41fc79965\" class=\"title-wrapper wd-wpb wd-set-mb reset-last-child  wd-rs-68ae41fc79965 wd-title-color-default wd-title-style-default text-left vc_custom_1756250629698 wd-underline-colored\">\n\t\t\t\n\t\t\t<div class=\"liner-continer\">\n\t\t\t\t<h5 class=\"woodmart-title-container title  wd-font-weight- wd-fontsize-l\" >Genel Merkez<\/h5>\n\t\t\t\t\t\t\t<\/div>\n\t\t\t\n\t\t\t\n\t\t\t\n\t\t<\/div>\n\t\t\n\t\t\t\t<div id=\"wd-68ae4209346c6\" class=\"wd-text-block wd-wpb reset-last-child wd-rs-68ae4209346c6 text-left vc_custom_1756250675202\">\n\t\t\t<p><strong>Adres: <\/strong>Ata\u015fehir Mah. Hac\u0131 Saadettin Efendi Bul. No:64, 23040, Elaz\u0131\u011f\/T\u00dcRK\u0130YE<br \/>\n<strong>Telefon:<\/strong>\u00a0 0850 305 0 385 | 0424 290 80 80<\/p>\n\t\t<\/div>\n\t\t\n\t\t<div id=\"wd-68ae4177ca70f\" class=\"title-wrapper wd-wpb wd-set-mb reset-last-child  wd-rs-68ae4177ca70f wd-title-color-default wd-title-style-default text-left vc_custom_1756250512587 wd-underline-colored\">\n\t\t\t\n\t\t\t<div class=\"liner-continer\">\n\t\t\t\t<h5 class=\"woodmart-title-container title  wd-font-weight- wd-fontsize-l\" >\u00dcretim Tesislerimiz<\/h5>\n\t\t\t\t\t\t\t<\/div>\n\t\t\t\n\t\t\t\n\t\t\t\n\t\t<\/div>\n\t\t\n\t\t\t\t<div id=\"wd-68ae41949577c\" class=\"wd-text-block wd-wpb reset-last-child wd-rs-68ae41949577c text-left vc_custom_1756250567975\">\n\t\t\t<p><strong>Adres:<\/strong> Ye\u015filyurt M. Diyarbak\u0131r B. No: 31\/1, Ak\u00e7akiraz\/ELAZI\u011e<br \/>\n<strong>E-posta:<\/strong>\u00a0 info@harputdibek.com<br \/>\n<strong>Telefon:<\/strong>\u00a0 0533 155 51 20 | 0533 155 51 21<\/p>\n\t\t<\/div>\n\t\t\n\t\t<div id=\"wd-68ae426016a67\" class=\"title-wrapper wd-wpb wd-set-mb reset-last-child  wd-rs-68ae426016a67 wd-title-color-default wd-title-style-default text-left vc_custom_1756250738424 wd-underline-colored\">\n\t\t\t\n\t\t\t<div class=\"liner-continer\">\n\t\t\t\t<h5 class=\"woodmart-title-container title  wd-font-weight- wd-fontsize-l\" >\u0130hracat Departman\u0131<\/h5>\n\t\t\t\t\t\t\t<\/div>\n\t\t\t\n\t\t\t\n\t\t\t\n\t\t<\/div>\n\t\t\n\t\t\t\t<div id=\"wd-68ae427521adc\" class=\"wd-text-block wd-wpb reset-last-child wd-rs-68ae427521adc text-left vc_custom_1756250777570\">\n\t\t\t<p><strong>E-posta:<\/strong> export@harputdibek.com<br \/>\n<strong>Telefon:<\/strong> 0533 890 74 41<\/p>\n\t\t<\/div>\n\t\t\n\t\t<div id=\"wd-68ae42bcd6881\" class=\"title-wrapper wd-wpb wd-set-mb reset-last-child  wd-rs-68ae42bcd6881 wd-title-color-default wd-title-style-default text-left vc_custom_1756250820974 wd-underline-colored\">\n\t\t\t\n\t\t\t<div class=\"liner-continer\">\n\t\t\t\t<h5 class=\"woodmart-title-container title  wd-font-weight- wd-fontsize-l\" >Kargo Departman\u0131<\/h5>\n\t\t\t\t\t\t\t<\/div>\n\t\t\t\n\t\t\t\n\t\t\t\n\t\t<\/div>\n\t\t\n\t\t\t\t<div id=\"wd-68b4c6ce90841\" class=\"wd-text-block wd-wpb reset-last-child wd-rs-68b4c6ce90841 text-left vc_custom_1756677847521\">\n\t\t\t<p><strong>E-posta:<\/strong> satis@harputdibek.com<br \/>\n<strong>Telefon:<\/strong> 0850 305 0 385<\/p>\n\t\t<\/div>\n\t\t<div id=\"wd-68a7d4abc6429\" class=\" wd-rs-68a7d4abc6429   wd-rs-68a7d4abc6429 wd-button-wrapper text-left\"><a href=\"#contact-form-popup\" title=\"\" class=\"btn btn-color-primary btn-style-default btn-shape-rectangle btn-size-default wd-open-popup \">B\u0130ZE YAZIN<\/a><\/div><div id=\"contact-form-popup\" class=\"wd-popup wd-popup-element mfp-hide\" style=\"--wd-popup-width:900px;\"><style data-type=\"vc_shortcodes-custom-css\">.vc_custom_1627982565310{margin-top: -30px !important;margin-right: -30px !important;margin-bottom: -30px !important;margin-left: -30px !important;}.vc_custom_1737466602384{padding-top: 30px !important;padding-right: 30px !important;padding-bottom: 30px !important;padding-left: 30px !important;}.vc_custom_1627982466210{padding-top: 30px !important;padding-right: 30px !important;padding-bottom: 30px !important;padding-left: 30px !important;background-color: #333333 !important;}.vc_custom_1737466615037{margin-bottom: 0px !important;}.vc_custom_1484144347493{margin-bottom: 30px !important;}.vc_custom_1755830151034{margin-bottom: 20px !important;}<\/style><div class=\"wpb-content-wrapper\">[vc_row equal_height=\"yes\" woodmart_css_id=\"61090adb91014\" responsive_spacing=\"eyJwYXJhbV90eXBlIjoid29vZG1hcnRfcmVzcG9uc2l2ZV9zcGFjaW5nIiwic2VsZWN0b3JfaWQiOiI2MTA5MGFkYjkxMDE0Iiwic2hvcnRjb2RlIjoidmNfcm93IiwiZGF0YSI6eyJ0YWJsZXQiOnt9LCJtb2JpbGUiOnt9fX0=\" mobile_bg_img_hidden=\"no\" tablet_bg_img_hidden=\"no\" woodmart_parallax=\"0\" woodmart_gradient_switch=\"no\" row_reverse_mobile=\"0\" row_reverse_tablet=\"0\" woodmart_disable_overflow=\"0\" css=\".vc_custom_1627982565310{margin-top: -30px !important;margin-right: -30px !important;margin-bottom: -30px !important;margin-left: -30px !important;}\"][vc_column width=\"2\/3\" css=\".vc_custom_1737466602384{padding-top: 30px !important;padding-right: 30px !important;padding-bottom: 30px !important;padding-left: 30px !important;}\" woodmart_css_id=\"678fa2e601f85\" responsive_spacing=\"eyJwYXJhbV90eXBlIjoid29vZG1hcnRfcmVzcG9uc2l2ZV9zcGFjaW5nIiwic2VsZWN0b3JfaWQiOiI2NzhmYTJlNjAxZjg1Iiwic2hvcnRjb2RlIjoidmNfY29sdW1uIiwiZGF0YSI6eyJ0YWJsZXQiOnt9LCJtb2JpbGUiOnt9fX0=\" parallax_scroll=\"no\" mobile_bg_img_hidden=\"no\" tablet_bg_img_hidden=\"no\" woodmart_parallax=\"0\" woodmart_sticky_column=\"false\" mobile_reset_margin=\"no\" tablet_reset_margin=\"no\" wd_collapsible_content_switcher=\"no\" wd_column_role_offcanvas_desktop=\"no\" wd_column_role_offcanvas_tablet=\"no\" wd_column_role_offcanvas_mobile=\"no\" wd_column_role_content_desktop=\"no\" wd_column_role_content_tablet=\"no\" wd_column_role_content_mobile=\"no\" woodmart_box_shadow=\"no\" wd_z_index=\"no\"]\n\t\t<div id=\"wd-68a7d4d8d9bdb\" class=\"title-wrapper wd-wpb wd-set-mb reset-last-child  wd-rs-68a7d4d8d9bdb wd-title-color-default wd-title-style-default text-left  wd-underline-colored\">\n\t\t\t\n\t\t\t<div class=\"liner-continer\">\n\t\t\t\t<h4 class=\"woodmart-title-container title  wd-font-weight- wd-fontsize-m\" >B\u0130ZE MESAJ G\u00d6NDER\u0130N<\/h4>\n\t\t\t\t\t\t\t<\/div>\n\t\t\t\n\t\t\t\n\t\t\t\n\t\t<\/div>\n\t\t\n\t\t\t\t\t\t\t<div class=\"wd-cf7 wd-wpb wd-rs-678fa2f10866c vc_custom_1737466615037\">\n\t\t\t\t\n<div class=\"wpcf7 no-js\" id=\"wpcf7-f1938-o1\" lang=\"en-US\" dir=\"ltr\" data-wpcf7-id=\"1938\">\n<div class=\"screen-reader-response\"><p role=\"status\" aria-live=\"polite\" aria-atomic=\"true\"><\/p> <ul><\/ul><\/div>\n<form action=\"\/en\/wp-json\/wp\/v2\/pages\/5322#wpcf7-f1938-o1\" method=\"post\" class=\"wpcf7-form init\" aria-label=\"Contact form\" novalidate=\"novalidate\" data-status=\"init\">\n<fieldset class=\"hidden-fields-container\"><input type=\"hidden\" name=\"_wpcf7\" value=\"1938\" \/><input type=\"hidden\" name=\"_wpcf7_version\" value=\"6.1.5\" \/><input type=\"hidden\" name=\"_wpcf7_locale\" value=\"en_US\" \/><input type=\"hidden\" name=\"_wpcf7_unit_tag\" value=\"wpcf7-f1938-o1\" \/><input type=\"hidden\" name=\"_wpcf7_container_post\" value=\"0\" \/><input type=\"hidden\" name=\"_wpcf7_posted_data_hash\" value=\"\" \/><input type=\"hidden\" name=\"_wpcf7_recaptcha_response\" value=\"\" \/>\n<\/fieldset>\n<div class=\"wd-grid-g\">\n\t<div class=\"wd-grid-f-stretch\">\n\t\t<div class=\"wd-col\">\n\t\t\t<p><label>Ad\u0131n\u0131z ve Soyad\u0131n\u0131z<\/label><span class=\"wpcf7-form-control-wrap\" data-name=\"your-name\"><input size=\"40\" maxlength=\"400\" class=\"wpcf7-form-control wpcf7-text wpcf7-validates-as-required\" aria-required=\"true\" aria-invalid=\"false\" value=\"\" type=\"text\" name=\"your-name\" \/><\/span>\n\t\t\t<\/p>\n\t\t<\/div>\n\t\t<div class=\"wd-col\">\n\t\t\t<p><label>E-posta Adresiniz<\/label><span class=\"wpcf7-form-control-wrap\" data-name=\"your-email\"><input size=\"40\" maxlength=\"400\" class=\"wpcf7-form-control wpcf7-email wpcf7-validates-as-required wpcf7-text wpcf7-validates-as-email\" aria-required=\"true\" aria-invalid=\"false\" value=\"\" type=\"email\" name=\"your-email\" \/><\/span>\n\t\t\t<\/p>\n\t\t<\/div>\n\t<\/div>\n\t<div class=\"wd-grid-f-stretch\">\n\t\t<div class=\"wd-col\">\n\t\t\t<p><label>\u0130leti\u015fim Telefonu<\/label><span class=\"wpcf7-form-control-wrap\" data-name=\"tel-767\"><input size=\"40\" maxlength=\"400\" class=\"wpcf7-form-control wpcf7-tel wpcf7-text wpcf7-validates-as-tel\" aria-invalid=\"false\" value=\"\" type=\"tel\" name=\"tel-767\" \/><\/span>\n\t\t\t<\/p>\n\t\t<\/div>\n\t\t<div class=\"wd-col\">\n\t\t\t<p><label>Konu<\/label><span class=\"wpcf7-form-control-wrap\" data-name=\"your-subject\"><input size=\"40\" maxlength=\"400\" class=\"wpcf7-form-control wpcf7-text wpcf7-validates-as-required\" aria-required=\"true\" aria-invalid=\"false\" value=\"\" type=\"text\" name=\"your-subject\" \/><\/span>\n\t\t\t<\/p>\n\t\t<\/div>\n\t<\/div>\n\t<div>\n\t\t<p><label>Mesaj\u0131n\u0131z<\/label><span class=\"wpcf7-form-control-wrap\" data-name=\"your-message\"><textarea cols=\"40\" rows=\"10\" maxlength=\"2000\" class=\"wpcf7-form-control wpcf7-textarea\" aria-invalid=\"false\" name=\"your-message\"><\/textarea><\/span>\n\t\t<\/p>\n\t<\/div>\n\t<div>\n\t\t<p><input class=\"wpcf7-form-control wpcf7-submit has-spinner btn-color-black\" type=\"submit\" value=\"G\u00d6NDER\" \/>\n\t\t<\/p>\n\t<\/div>\n<\/div><div class=\"wpcf7-response-output\" aria-hidden=\"true\"><\/div>\n<\/form>\n<\/div>\n\t\t\t<\/div>\n\t\t\t\t[\/vc_column][vc_column width=\"1\/3\" woodmart_css_id=\"61090a7a94c28\" responsive_spacing=\"eyJwYXJhbV90eXBlIjoid29vZG1hcnRfcmVzcG9uc2l2ZV9zcGFjaW5nIiwic2VsZWN0b3JfaWQiOiI2MTA5MGE3YTk0YzI4Iiwic2hvcnRjb2RlIjoidmNfY29sdW1uIiwiZGF0YSI6eyJ0YWJsZXQiOnt9LCJtb2JpbGUiOnt9fX0=\" parallax_scroll=\"no\" mobile_bg_img_hidden=\"no\" tablet_bg_img_hidden=\"no\" woodmart_parallax=\"0\" woodmart_sticky_column=\"false\" mobile_reset_margin=\"no\" tablet_reset_margin=\"no\" css=\".vc_custom_1627982466210{padding-top: 30px !important;padding-right: 30px !important;padding-bottom: 30px !important;padding-left: 30px !important;background-color: #333333 !important;}\"]\n\t\t<div id=\"wd-68a7d72ae3f38\" class=\"title-wrapper wd-wpb wd-set-mb reset-last-child  wd-rs-68a7d72ae3f38 wd-title-color-white wd-title-style-default text-left  wd-underline-colored\">\n\t\t\t\n\t\t\t<div class=\"liner-continer\">\n\t\t\t\t<h4 class=\"woodmart-title-container title  wd-font-weight- wd-fontsize-m\" >B\u0130LG\u0130LEND\u0130RME<\/h4>\n\t\t\t\t\t\t\t<\/div>\n\t\t\t\n\t\t\t\n\t\t\t\n\t\t<\/div>\n\t\t\n\t\t\t\t\t<div class=\"info-box-wrapper\">\n\t\t\t\t<div id=\"wd-68a7d5300a9fc\" class=\" wd-rs-68a7d5300a9fc wd-info-box wd-wpb text-left box-icon-align-left box-style- color-scheme-light wd-bg-none wd-items-top \">\n\t\t\t\t\t\t\t\t\t\t\t<div class=\"box-icon-wrapper  box-with-icon box-icon-simple\">\n\t\t\t\t\t\t\t<div class=\"info-box-icon\">\n\n\t\t\t\t\t\t\t\n\t\t\t\t\t\t\t\t\t\t\t\t\t\t\t\t\t<div class=\"info-svg-wrapper\" style=\"width: 30px;height: 30px;\"><img decoding=\"async\" src=\"https:\/\/www.harputdibek.com\/en\/wp-content\/uploads\/2021\/08\/wd-mobile.svg\" title=\"wd-mobile\" loading=\"lazy\" width=\"30\" height=\"30\" alt=\"\"><\/div>\t\t\t\t\t\t\t\t\t\t\t\t\t\t\t\n\t\t\t\t\t\t\t<\/div>\n\t\t\t\t\t\t<\/div>\n\t\t\t\t\t\t\t\t\t\t<div class=\"info-box-content\">\n\t\t\t\t\t\t\t\t\t\t\t\t<div class=\"info-box-inner reset-last-child\"><p>0850 305 0 385<\/p>\n<\/div>\n\n\t\t\t\t\t\t\t\t\t\t\t<\/div>\n\n\t\t\t\t\t\n\t\t\t\t\t\t\t\t\t<\/div>\n\t\t\t<\/div>\n\t\t\t\t\t<div class=\"info-box-wrapper\">\n\t\t\t\t<div id=\"wd-68a7d54131674\" class=\" wd-rs-68a7d54131674 wd-info-box wd-wpb text-left box-icon-align-left box-style- color-scheme-light wd-bg-none wd-items-top \">\n\t\t\t\t\t\t\t\t\t\t\t<div class=\"box-icon-wrapper  box-with-icon box-icon-simple\">\n\t\t\t\t\t\t\t<div class=\"info-box-icon\">\n\n\t\t\t\t\t\t\t\n\t\t\t\t\t\t\t\t\t\t\t\t\t\t\t\t\t<div class=\"info-svg-wrapper\" style=\"width: 30px;height: 30px;\"><img decoding=\"async\" src=\"https:\/\/www.harputdibek.com\/en\/wp-content\/uploads\/2021\/08\/wd-paper-plane.svg\" title=\"wd-paper-plane\" loading=\"lazy\" width=\"30\" height=\"30\" alt=\"\"><\/div>\t\t\t\t\t\t\t\t\t\t\t\t\t\t\t\n\t\t\t\t\t\t\t<\/div>\n\t\t\t\t\t\t<\/div>\n\t\t\t\t\t\t\t\t\t\t<div class=\"info-box-content\">\n\t\t\t\t\t\t\t\t\t\t\t\t<div class=\"info-box-inner reset-last-child\"><p><a href=\"mailto:info@harputdibek.com\" target=\"_blank\" rel=\"noopener\">info@harputdibek.com<\/a><\/p>\n<\/div>\n\n\t\t\t\t\t\t\t\t\t\t\t<\/div>\n\n\t\t\t\t\t\n\t\t\t\t\t\t\t\t\t<\/div>\n\t\t\t<\/div>\n\t\t[vc_separator color=\"custom\" css=\".vc_custom_1484144347493{margin-bottom: 30px !important;}\" accent_color=\"rgba(255,255,255,0.15)\"]\t\t<div id=\"wd-68a7d78201963\" class=\"wd-text-block wd-wpb reset-last-child wd-rs-68a7d78201963 text-left color-scheme-light vc_custom_1755830151034\">\n\t\t\t<p style=\"text-align: left;\">Reklam, i\u015f birli\u011fi, sponsorluk, etkinlik d\u00fczenleme gibi \u00f6zel durumlar i\u00e7in detayl\u0131 bilgi ve isti\u015fare gerekmesi sebebiyle 0850 305 0 385 numaral\u0131 WhatsApp Business hatt\u0131m\u0131za veya reklam@harputdibek.com e-posta adresimize detayl\u0131 bilgi i\u00e7eren sunu g\u00f6ndermeniz gerekmektedir. Mail ya da Whatsapp\u2019la ileti\u015fime ge\u00e7ilmedi\u011finde maalesef size yard\u0131mc\u0131 olam\u0131yoruz.<\/p>\n\t\t<\/div>\n\t\t\t\t\t<div\n\t\t\t\t\t\tclass=\" wd-rs-68a7d5cbe3d3d wd-social-icons  wd-style-colored wd-size-small social-follow wd-shape-circle color-scheme-dark text-left\">\n\t\t\t\t\n\t\t\t\t\n\t\t\t\t\t\t\t\t\t<a rel=\"noopener noreferrer nofollow\" href=\"https:\/\/www.facebook.com\/harputdibekcom\/\" target=\"_blank\" class=\" wd-social-icon social-facebook\" aria-label=\"Facebook social link\">\n\t\t\t\t\t\t<span class=\"wd-icon\"><\/span>\n\t\t\t\t\t\t\t\t\t\t\t<\/a>\n\t\t\t\t\n\t\t\t\t\t\t\t\t\t<a rel=\"noopener noreferrer nofollow\" href=\"https:\/\/x.com\/harputdibekcom\/\" target=\"_blank\" class=\" wd-social-icon social-twitter\" aria-label=\"X social link\">\n\t\t\t\t\t\t<span class=\"wd-icon\"><\/span>\n\t\t\t\t\t\t\t\t\t\t\t<\/a>\n\t\t\t\t\n\t\t\t\t\n\t\t\t\t\n\t\t\t\t\t\t\t\t\t<a rel=\"noopener noreferrer nofollow\" href=\"https:\/\/www.instagram.com\/harputdibekcom\/\" target=\"_blank\" class=\" wd-social-icon social-instagram\" aria-label=\"Instagram social link\">\n\t\t\t\t\t\t<span class=\"wd-icon\"><\/span>\n\t\t\t\t\t\t\t\t\t\t\t<\/a>\n\t\t\t\t\n\t\t\t\t\n\t\t\t\t\t\t\t\t\t<a rel=\"noopener noreferrer nofollow\" href=\"https:\/\/www.youtube.com\/c\/harputdibek\" target=\"_blank\" class=\" wd-social-icon social-youtube\" aria-label=\"YouTube social link\">\n\t\t\t\t\t\t<span class=\"wd-icon\"><\/span>\n\t\t\t\t\t\t\t\t\t\t\t<\/a>\n\t\t\t\t\n\t\t\t\t\n\t\t\t\t\n\t\t\t\t\t\t\t\t\t<a rel=\"noopener noreferrer nofollow\" href=\"https:\/\/www.linkedin.com\/company\/harputdibek\" target=\"_blank\" class=\" wd-social-icon social-linkedin\" aria-label=\"Linkedin social link\">\n\t\t\t\t\t\t<span class=\"wd-icon\"><\/span>\n\t\t\t\t\t\t\t\t\t\t\t<\/a>\n\t\t\t\t\n\t\t\t\t\n\t\t\t\t\n\t\t\t\t\n\t\t\t\t\n\t\t\t\t\n\t\t\t\t\n\t\t\t\t\n\t\t\t\t\n\t\t\t\t\t\t\t\t\t<a rel=\"noopener noreferrer nofollow\" href=\"https:\/\/wa.me\/+908503050385\" target=\"_blank\" class=\"wd-hide-md  wd-social-icon social-whatsapp\" aria-label=\"WhatsApp social link\">\n\t\t\t\t\t\t<span class=\"wd-icon\"><\/span>\n\t\t\t\t\t\t\t\t\t\t\t<\/a>\n\n\t\t\t\t\t<a rel=\"noopener noreferrer nofollow\" href=\"https:\/\/wa.me\/+908503050385\" target=\"_blank\" class=\"wd-hide-lg  wd-social-icon social-whatsapp\" aria-label=\"WhatsApp social link\">\n\t\t\t\t\t\t<span class=\"wd-icon\"><\/span>\n\t\t\t\t\t\t\t\t\t\t\t<\/a>\n\t\t\t\t\n\t\t\t\t\n\t\t\t\t\n\t\t\t\t\n\t\t\t\t\n\t\t\t\t\n\t\t\t\t\n\t\t\t\t\n\t\t\t<\/div>\n\n\t\t[\/vc_column][\/vc_row]<\/div><\/div>[\/vc_column][vc_column width=&#8221;1\/2&#8243; offset=&#8221;vc_col-lg-8 vc_col-md-8&#8243; wd_z_index=&#8221;no&#8221; woodmart_css_id=&#8221;6126118e36399&#8243; responsive_spacing=&#8221;eyJwYXJhbV90eXBlIjoid29vZG1hcnRfcmVzcG9uc2l2ZV9zcGFjaW5nIiwic2VsZWN0b3JfaWQiOiI2MTI2MTE4ZTM2Mzk5Iiwic2hvcnRjb2RlIjoidmNfY29sdW1uIiwiZGF0YSI6eyJ0YWJsZXQiOnt9LCJtb2JpbGUiOnt9fX0=&#8221; parallax_scroll=&#8221;no&#8221; mobile_bg_img_hidden=&#8221;no&#8221; tablet_bg_img_hidden=&#8221;no&#8221; woodmart_parallax=&#8221;0&#8243; woodmart_sticky_column=&#8221;false&#8221; mobile_reset_margin=&#8221;no&#8221; tablet_reset_margin=&#8221;no&#8221;][vc_gmaps link=&#8221;#E-8_JTNDaWZyYW1lJTIwc3JjJTNEJTIyaHR0cHMlM0ElMkYlMkZ3d3cuZ29vZ2xlLmNvbSUyRm1hcHMlMkZlbWJlZCUzRnBiJTNEJTIxMW0xOCUyMTFtMTIlMjExbTMlMjExZDMxMTYuODk0ODI3MTg4ODcwMyUyMTJkMzkuMjU2NzkyNiUyMTNkMzguNjI4MzAwNTAwMDAwMDElMjEybTMlMjExZjAlMjEyZjAlMjEzZjAlMjEzbTIlMjExaTEwMjQlMjEyaTc2OCUyMTRmMTMuMSUyMTNtMyUyMTFtMiUyMTFzMHg0MDc2OTU4YTNhZmM4OWExJTI1M0EweGJlZDkyMjNlYjQzMGY3ZDclMjEyc0hhcnB1dCUyNTIwRGliZWslMjE1ZTAlMjEzbTIlMjExc3RyJTIxMnN0ciUyMTR2MTc1NjI1MTMyNzAyMCUyMTVtMiUyMTFzdHIlMjEyc3RyJTIyJTIwd2lkdGglM0QlMjI2MDAlMjIlMjBoZWlnaHQlM0QlMjI3MTAlMjIlMjBzdHlsZSUzRCUyMmJvcmRlciUzQTAlM0IlMjIlMjBhbGxvd2Z1bGxzY3JlZW4lM0QlMjIlMjIlMjBsb2FkaW5nJTNEJTIybGF6eSUyMiUyMHJlZmVycmVycG9saWN5JTNEJTIybm8tcmVmZXJyZXItd2hlbi1kb3duZ3JhZGUlMjIlM0UlM0MlMkZpZnJhbWUlM0U=&#8221; css=&#8221;&#8221;][\/vc_column][\/vc_row]<\/p>\n<\/div>","protected":false},"excerpt":{"rendered":"<p>[vc_row css=&#8221;.vc_custom_1629884823266{margin-bottom: 0px !important;}&#8221; wd_z_index=&#8221;no&#8221; woodmart_css_id=&#8221;612611951eaea&#8221; responsive_spacing=&#8221;eyJwYXJhbV90eXBlIjoid29vZG1hcnRfcmVzcG9uc2l2ZV9zcGFjaW5nIiwic2VsZWN0b3JfaWQiOiI2MTI2MTE5NTFlYWVhIiwic2hvcnRjb2RlIjoidmNfcm93IiwiZGF0YSI6eyJ0YWJsZXQiOnt9LCJtb2JpbGUiOnt9fX0=&#8221; mobile_bg_img_hidden=&#8221;no&#8221; tablet_bg_img_hidden=&#8221;no&#8221; woodmart_parallax=&#8221;0&#8243; woodmart_gradient_switch=&#8221;no&#8221; row_reverse_mobile=&#8221;0&#8243; row_reverse_tablet=&#8221;0&#8243; woodmart_disable_overflow=&#8221;0&#8243;][vc_column width=&#8221;1\/2&#8243; css=&#8221;.vc_custom_1629884819677{margin-bottom: 35px !important;padding-top: 10px !important;}&#8221;<\/p>\n","protected":false},"author":1,"featured_media":0,"parent":0,"menu_order":0,"comment_status":"closed","ping_status":"closed","template":"","meta":{"footnotes":""},"class_list":["post-5322","page","type-page","status-publish","hentry"],"jetpack_sharing_enabled":true,"_links":{"self":[{"href":"https:\/\/www.harputdibek.com\/en\/wp-json\/wp\/v2\/pages\/5322","targetHints":{"allow":["GET"]}}],"collection":[{"href":"https:\/\/www.harputdibek.com\/en\/wp-json\/wp\/v2\/pages"}],"about":[{"href":"https:\/\/www.harputdibek.com\/en\/wp-json\/wp\/v2\/types\/page"}],"author":[{"embeddable":true,"href":"https:\/\/www.harputdibek.com\/en\/wp-json\/wp\/v2\/users\/1"}],"replies":[{"embeddable":true,"href":"https:\/\/www.harputdibek.com\/en\/wp-json\/wp\/v2\/comments?post=5322"}],"version-history":[{"count":18,"href":"https:\/\/www.harputdibek.com\/en\/wp-json\/wp\/v2\/pages\/5322\/revisions"}],"predecessor-version":[{"id":67725,"href":"https:\/\/www.harputdibek.com\/en\/wp-json\/wp\/v2\/pages\/5322\/revisions\/67725"}],"wp:attachment":[{"href":"https:\/\/www.harputdibek.com\/en\/wp-json\/wp\/v2\/media?parent=5322"}],"curies":[{"name":"wp","href":"https:\/\/api.w.org\/{rel}","templated":true}]}}