{"id":5212,"date":"2021-08-25T07:26:28","date_gmt":"2021-08-25T07:26:28","guid":{"rendered":"http:\/\/dummy.xtemos.com\/woodmart2\/?page_id=5212"},"modified":"2025-09-02T13:08:47","modified_gmt":"2025-09-02T10:08:47","slug":"tarihce","status":"publish","type":"page","link":"https:\/\/www.harputdibek.com\/en\/tarihce\/","title":{"rendered":"Tarih\u00e7e"},"content":{"rendered":"<div class=\"wpb-content-wrapper\"><p>[vc_row][vc_column]\n\t\t<div id=\"wd-68a7dd72bdb5b\" class=\"title-wrapper wd-wpb wd-set-mb reset-last-child  wd-rs-68a7dd72bdb5b wd-title-color-primary wd-title-style-default text-left vc_custom_1755831721177 wd-underline-colored\">\n\t\t\t\t\t\t\t\n\t\t\t\t<div class=\"title-subtitle  subtitle-color-primary font-default subtitle-style-default wd-font-weight-600 wd-fontsize-xs\">HARPUT KAHVE SAN. T\u0130C. LTD. \u015eT\u0130.<\/div>\n\t\t\t\n\t\t\t<div class=\"liner-continer\">\n\t\t\t\t<h4 class=\"woodmart-title-container title  wd-font-weight- wd-fontsize-xxl\" >Tarih\u00e7e<\/h4>\n\t\t\t\t\t\t\t<\/div>\n\t\t\t\n\t\t\t\n\t\t\t\n\t\t<\/div>\n\t\t\n\t\t\t\t<div id=\"wd-68ae2febbb3fa\" class=\"wd-text-block wd-wpb reset-last-child wd-rs-68ae2febbb3fa text-left wd-fontsize-custom vc_custom_1756246003478\">\n\t\t\t<p style=\"text-align: justify;\">2012&#8217;den itibaren ba\u015far\u0131yla b\u00fcy\u00fcyerek sekt\u00f6r\u00fcnde ilerlemeye devam eden Harput Dibek; k\u00f6kl\u00fc ve kurumsal yap\u0131s\u0131, uzman ekibi ve geni\u015f bilgi birikimiyle T\u00fcrkiye&#8217;nin de\u011ferli markalar\u0131 aras\u0131nda yer almaktad\u0131r.<\/p>\n<p style=\"text-align: justify;\">2015&#8217;le birlikte profesyonel d\u00fczeyde \u00fclke geneli ve yurt d\u0131\u015f\u0131na yay\u0131lm\u0131\u015f bayilik i\u015fletme a\u011f\u0131yla her ay milyonlarca \u00fcr\u00fcn sat\u0131\u015f\u0131 ger\u00e7ekle\u015ftiren Harput Dibek, \u00f6ncelikle insan ve \u00e7evreye sayg\u0131y\u0131 daha sonra ise s\u00fcrd\u00fcr\u00fclebilirlik anlay\u0131\u015f\u0131n\u0131 kendine ilke edinerek T\u00fcrkiye\u2019nin Kahvesi slogan\u0131yla \u00e7al\u0131\u015fmalar\u0131na devam etmektedir.<\/p>\n<p style=\"text-align: justify;\">2017\u2019den sonra y\u00fcr\u00fctm\u00fc\u015f oldu\u011fu ulusal ve uluslararas\u0131 reklam faaliyetleri ve kat\u0131ld\u0131\u011f\u0131 b\u00fcy\u00fck franchise fuarlar\u0131 sayesinde \u00fclkenin bir\u00e7ok tarihi, turistik yerinde ve 90\u2019a yak\u0131n l\u00fcks al\u0131\u015fveri\u015f merkezinde sat\u0131\u015f merkezi bulunan marka, 2019\u2019dan itibaren T\u00fcrkiye, Avrupa ve Ortado\u011fu\u2019nun se\u00e7kin market raflar\u0131nda yer edinip T\u00fcrkiye\u2019nin en sevilen kahve markas\u0131 olmu\u015ftur.<\/p>\n<p style=\"text-align: justify;\">\u00dc\u00e7\u00fcnc\u00fc ve d\u00f6rd\u00fcnc\u00fc dalga kahvecilik esintisi T\u00fcrkiye\u2019de esmeye devam ederken 2019\u2019da ilk Coffee Shop \u015fubesini a\u00e7arak self servis hizmeti veren kafeterya sekt\u00f6r\u00fcnde de Anadolu, Avrupa ve Ortado\u011fu\u2019nun \u00f6nemli ve stratejik noktas\u0131nda bayilik verip \u015fubele\u015fmi\u015ftir. Di\u011fer markalar gibi kayna\u011f\u0131n\u0131 bat\u0131dan almadan, do\u011funun samimiyeti ve geleneksel k\u00fclt\u00fcrle harmanlanan modern mimari ve men\u00fcs\u00fcyle hizmetlerine devam etmektedir.<\/p>\n<p style=\"text-align: justify;\">Anlam karga\u015fas\u0131 ya\u015fanmamas\u0131 ad\u0131na 2025 y\u0131l\u0131ndan itibaren \u201cHarput Dibek\u201d markas\u0131n\u0131 yaln\u0131zca dibek kahvesi \u00fcr\u00fcn \u00e7e\u015fitlerimizde kullanmaya ba\u015flad\u0131k. T\u00fcrk kahvesi, \u00c7edene \/ Menengi\u00e7 Kahvesi, Espresso, Filtre Kahve, Gold Kahve ve Kahve Kremas\u0131 gibi \u00fcr\u00fcnlerde art\u0131k tescilli \u201cHarput Kahve\u201d markas\u0131n\u0131 kullan\u0131yoruz.<\/p>\n\t\t<\/div>\n\t\t[vc_empty_space woodmart_hide_large=&#8221;0&#8243; woodmart_hide_medium=&#8221;0&#8243; woodmart_hide_small=&#8221;0&#8243;][vc_single_image image=&#8221;67508&#8243; img_size=&#8221;full&#8221; alignment=&#8221;center&#8221; css=&#8221;&#8221; parallax_scroll=&#8221;no&#8221; woodmart_inline=&#8221;no&#8221;][vc_empty_space woodmart_hide_large=&#8221;0&#8243; woodmart_hide_medium=&#8221;0&#8243; woodmart_hide_small=&#8221;0&#8243;][\/vc_column][\/vc_row][vc_row][vc_column width=&#8221;1\/2&#8243;]\t\t\t<div class=\"info-box-wrapper\">\n\t\t\t\t<div id=\"wd-68a999c7d7f12\" class=\" wd-rs-68a999c7d7f12 wd-info-box wd-wpb text-left box-icon-align-left box-style- color-scheme- wd-bg-none wd-items-top vc_custom_1755945459239\">\n\t\t\t\t\t\t\t\t\t\t<div class=\"info-box-content\">\n\t\t\t\t\t\t<h4 class=\"info-box-title title box-title-style-default wd-fontsize-m\">Vizyonumuz<\/h4>\t\t\t\t\t\t<div class=\"info-box-inner reset-last-child\"><\/p>\n<ol>\n<li style=\"text-align: justify;\">G\u00fcn i\u00e7inde insan\u0131 keyifli, huzurlu ve mutlu hissettirecek bir fincan kahvenin k\u00fclt\u00fcr\u00fcnden do\u011fduk.<\/li>\n<li style=\"text-align: justify;\">Kahve k\u00fclt\u00fcr\u00fcn\u00fcn efsanevi ve k\u00f6kl\u00fc ge\u00e7mi\u015fine ba\u011fl\u0131 bir marka olarak yola \u00e7\u0131kt\u0131k.<\/li>\n<li style=\"text-align: justify;\">Hedefimiz, d\u00fcnyadaki en \u00f6nemli kahve markalar\u0131ndan biri olmak.<\/li>\n<li style=\"text-align: justify;\">\u0130lk g\u00fcnk\u00fc heyecanla yeni \u00fcr\u00fcnlerin \u00fcretimine devam ediyoruz.<\/li>\n<li style=\"text-align: justify;\">\u00dcr\u00fcn yelpazemizi s\u00fcrekli geni\u015fletiyoruz.<\/li>\n<li style=\"text-align: justify;\">Her yeni \u015fehir ve her yeni \u00fclke, bizim i\u00e7in benzersiz bir deneyim anlam\u0131na geliyor.<\/li>\n<li style=\"text-align: justify;\">Anadolu\u2019nun kadim k\u00fclt\u00fcr\u00fcne ba\u011fl\u0131y\u0131z ve asl\u0131na sad\u0131k kalmaya \u00f6zen g\u00f6steriyoruz.<\/li>\n<li style=\"text-align: justify;\">Her zaman daha \u00fcst d\u00fczey kalite ilkesiyle \u00e7al\u0131\u015f\u0131yor, i\u015fimizi severek yap\u0131yoruz.<\/li>\n<li style=\"text-align: justify;\">Bu yakla\u015f\u0131m ve de\u011ferler, bizi biz yapan temel unsurlard\u0131r.<\/li>\n<\/ol>\n<p>\n<\/div>\n\n\t\t\t\t\t\t\t\t\t\t\t<\/div>\n\n\t\t\t\t\t\t\t\t\t\t\t<a class=\"wd-info-box-link wd-fill\" aria-label=\"Infobox link\" href=\"#\" title=\"\"><\/a>\n\t\t\t\t\t\n\t\t\t\t\t\t\t\t\t<\/div>\n\t\t\t<\/div>\n\t\t[\/vc_column][vc_column width=&#8221;1\/2&#8243;]\t\t\t<div class=\"info-box-wrapper\">\n\t\t\t\t<div id=\"wd-68a999f5c4ae5\" class=\" wd-rs-68a999f5c4ae5 wd-info-box wd-wpb text-left box-icon-align-left box-style- color-scheme- wd-bg-none wd-items-top vc_custom_1755945501030\">\n\t\t\t\t\t\t\t\t\t\t<div class=\"info-box-content\">\n\t\t\t\t\t\t<h4 class=\"info-box-title title box-title-style-default wd-fontsize-m\">Misyonumuz<\/h4>\t\t\t\t\t\t<div class=\"info-box-inner reset-last-child\"><\/p>\n<ol>\n<li style=\"text-align: justify;\">T\u00fcrk kahvesinin yan\u0131 s\u0131ra, Anadolu&#8217;nun farkl\u0131 k\u00fclt\u00fcrlerinden beslenen geleneksel ve yenilik\u00e7i \u00fcr\u00fcnler geli\u015ftirmek.<\/li>\n<li style=\"text-align: justify;\">\u00dc\u00e7\u00fcnc\u00fc dalga kahve ve farkl\u0131 i\u00e7ecek \u00e7e\u015fitleriyle \u00fcr\u00fcn yelpazemizi kalite ve lezzet a\u00e7\u0131s\u0131ndan zenginle\u015ftirmek.<\/li>\n<li style=\"text-align: justify;\">M\u00fc\u015fterilerimize g\u00fcven vermek, sorunlar\u0131 empatiyle \u00e7\u00f6zmek ve her zaman m\u00fc\u015fteri memnuniyetini sa\u011flamak.<\/li>\n<li style=\"text-align: justify;\">Kurumumuzu bir aile olarak g\u00f6r\u00fcp, her ge\u00e7en g\u00fcn bu aileye yeni bireyler katarak k\u00fclt\u00fcrel \u00e7e\u015fitlili\u011fi ve birlikteli\u011fi art\u0131rmak.<\/li>\n<li style=\"text-align: justify;\">Tak\u0131m \u00e7al\u0131\u015fmas\u0131nda kalite standartlar\u0131na uygun, uyumlu ve etkili ileti\u015fim kurmak.<\/li>\n<li style=\"text-align: justify;\">Kurum i\u00e7i e\u011fitimle bireysel geli\u015fimi desteklemek ve \u00e7a\u011fda\u015f ihtiya\u00e7lara uygun bilgi birikimi sa\u011flamak.<\/li>\n<li style=\"text-align: justify;\">\u00c7al\u0131\u015fma alanlar\u0131m\u0131zda insan ve \u00e7evre sa\u011fl\u0131\u011f\u0131na duyarl\u0131, kaliteli malzeme ve ekipman kullanmak; do\u011fal kaynaklar\u0131 verimli kullanmak ve geri d\u00f6n\u00fc\u015f\u00fcm\u00fc desteklemek.<\/li>\n<li style=\"text-align: justify;\">Tasar\u0131m, \u00fcretim, montaj ve y\u00f6netim s\u00fcre\u00e7lerinde kaliteye \u00f6ncelik vermek; taahh\u00fctleri zaman\u0131nda ve eksiksiz yerine getirmek.<\/li>\n<li style=\"text-align: justify;\">Yeni yat\u0131r\u0131mlarla \u00fclkemizin kalk\u0131nmas\u0131na ve ekonomisine d\u00fcn oldu\u011fu gibi bug\u00fcn ve yar\u0131n da katk\u0131 sa\u011flamak.<\/li>\n<\/ol>\n<p>\n<\/div>\n\n\t\t\t\t\t\t\t\t\t\t\t<\/div>\n\n\t\t\t\t\t\t\t\t\t\t\t<a class=\"wd-info-box-link wd-fill\" aria-label=\"Infobox link\" href=\"#\" title=\"\"><\/a>\n\t\t\t\t\t\n\t\t\t\t\t\t\t\t\t<\/div>\n\t\t\t<\/div>\n\t\t[\/vc_column][\/vc_row][vc_row][vc_column][vc_empty_space woodmart_hide_large=&#8221;0&#8243; woodmart_hide_medium=&#8221;0&#8243; woodmart_hide_small=&#8221;0&#8243;][vc_separator css=&#8221;&#8221; wd_hide_on_desktop=&#8221;no&#8221; wd_hide_on_tablet=&#8221;no&#8221; wd_hide_on_mobile=&#8221;no&#8221;][vc_empty_space woodmart_hide_large=&#8221;0&#8243; woodmart_hide_medium=&#8221;0&#8243; woodmart_hide_small=&#8221;0&#8243;][\/vc_column][\/vc_row][vc_row][vc_column width=&#8221;1\/2&#8243;]\t\t<div id=\"wd-68a7ddbae9108\" class=\"wd-text-block wd-wpb reset-last-child wd-rs-68a7ddbae9108 text-left vc_custom_1755831753660\">\n\t\t\t<p>Sosyal Medyada Bizi Takip Edin<\/p>\n\t\t<\/div>\n\t\t[vc_empty_space woodmart_hide_large=&#8221;0&#8243; woodmart_hide_medium=&#8221;0&#8243; woodmart_hide_small=&#8221;0&#8243;][\/vc_column][vc_column width=&#8221;1\/2&#8243;]\t\t\t<div\n\t\t\t\t\t\tclass=\" wd-rs-68a7ddcc03b90 wd-social-icons  wd-style-colored-alt wd-size-small social-follow wd-shape-circle color-scheme-dark text-right\">\n\t\t\t\t\n\t\t\t\t\n\t\t\t\t\t\t\t\t\t<a rel=\"noopener noreferrer nofollow\" href=\"https:\/\/www.facebook.com\/harputdibekcom\/\" target=\"_blank\" class=\" wd-social-icon social-facebook\" aria-label=\"Facebook social link\">\n\t\t\t\t\t\t<span class=\"wd-icon\"><\/span>\n\t\t\t\t\t\t\t\t\t\t\t<\/a>\n\t\t\t\t\n\t\t\t\t\t\t\t\t\t<a rel=\"noopener noreferrer nofollow\" href=\"https:\/\/x.com\/harputdibekcom\/\" target=\"_blank\" class=\" wd-social-icon social-twitter\" aria-label=\"X social link\">\n\t\t\t\t\t\t<span class=\"wd-icon\"><\/span>\n\t\t\t\t\t\t\t\t\t\t\t<\/a>\n\t\t\t\t\n\t\t\t\t\n\t\t\t\t\n\t\t\t\t\t\t\t\t\t<a rel=\"noopener noreferrer nofollow\" href=\"https:\/\/www.instagram.com\/harputdibekcom\/\" target=\"_blank\" class=\" wd-social-icon social-instagram\" aria-label=\"Instagram social link\">\n\t\t\t\t\t\t<span class=\"wd-icon\"><\/span>\n\t\t\t\t\t\t\t\t\t\t\t<\/a>\n\t\t\t\t\n\t\t\t\t\n\t\t\t\t\t\t\t\t\t<a rel=\"noopener noreferrer nofollow\" href=\"https:\/\/www.youtube.com\/c\/harputdibek\" target=\"_blank\" class=\" wd-social-icon social-youtube\" aria-label=\"YouTube social link\">\n\t\t\t\t\t\t<span class=\"wd-icon\"><\/span>\n\t\t\t\t\t\t\t\t\t\t\t<\/a>\n\t\t\t\t\n\t\t\t\t\n\t\t\t\t\n\t\t\t\t\t\t\t\t\t<a rel=\"noopener noreferrer nofollow\" href=\"https:\/\/www.linkedin.com\/company\/harputdibek\" target=\"_blank\" class=\" wd-social-icon social-linkedin\" aria-label=\"Linkedin social link\">\n\t\t\t\t\t\t<span class=\"wd-icon\"><\/span>\n\t\t\t\t\t\t\t\t\t\t\t<\/a>\n\t\t\t\t\n\t\t\t\t\n\t\t\t\t\n\t\t\t\t\n\t\t\t\t\n\t\t\t\t\n\t\t\t\t\n\t\t\t\t\n\t\t\t\t\n\t\t\t\t\t\t\t\t\t<a rel=\"noopener noreferrer nofollow\" href=\"https:\/\/wa.me\/+908503050385\" target=\"_blank\" class=\"wd-hide-md  wd-social-icon social-whatsapp\" aria-label=\"WhatsApp social link\">\n\t\t\t\t\t\t<span class=\"wd-icon\"><\/span>\n\t\t\t\t\t\t\t\t\t\t\t<\/a>\n\n\t\t\t\t\t<a rel=\"noopener noreferrer nofollow\" href=\"https:\/\/wa.me\/+908503050385\" target=\"_blank\" class=\"wd-hide-lg  wd-social-icon social-whatsapp\" aria-label=\"WhatsApp social link\">\n\t\t\t\t\t\t<span class=\"wd-icon\"><\/span>\n\t\t\t\t\t\t\t\t\t\t\t<\/a>\n\t\t\t\t\n\t\t\t\t\n\t\t\t\t\n\t\t\t\t\n\t\t\t\t\n\t\t\t\t\n\t\t\t\t\n\t\t\t\t\n\t\t\t<\/div>\n\n\t\t[vc_empty_space woodmart_hide_large=&#8221;0&#8243; woodmart_hide_medium=&#8221;0&#8243; woodmart_hide_small=&#8221;0&#8243;][\/vc_column][\/vc_row][vc_row][vc_column][vc_empty_space woodmart_hide_large=&#8221;0&#8243; woodmart_hide_medium=&#8221;0&#8243; woodmart_hide_small=&#8221;0&#8243;][vc_separator css=&#8221;&#8221; wd_hide_on_desktop=&#8221;no&#8221; wd_hide_on_tablet=&#8221;no&#8221; wd_hide_on_mobile=&#8221;no&#8221;][vc_empty_space woodmart_hide_large=&#8221;0&#8243; woodmart_hide_medium=&#8221;0&#8243; woodmart_hide_small=&#8221;0&#8243;][\/vc_column][\/vc_row]<\/p>\n<\/div>","protected":false},"excerpt":{"rendered":"<p>[vc_row][vc_column][vc_empty_space woodmart_hide_large=&#8221;0&#8243; woodmart_hide_medium=&#8221;0&#8243; woodmart_hide_small=&#8221;0&#8243;][vc_single_image image=&#8221;67508&#8243; img_size=&#8221;full&#8221; alignment=&#8221;center&#8221; css=&#8221;&#8221; parallax_scroll=&#8221;no&#8221; woodmart_inline=&#8221;no&#8221;][vc_empty_space woodmart_hide_large=&#8221;0&#8243; woodmart_hide_medium=&#8221;0&#8243; woodmart_hide_small=&#8221;0&#8243;][\/vc_column][\/vc_row][vc_row][vc_column width=&#8221;1\/2&#8243;][\/vc_column][vc_column width=&#8221;1\/2&#8243;][\/vc_column][\/vc_row][vc_row][vc_column][vc_empty_space woodmart_hide_large=&#8221;0&#8243; woodmart_hide_medium=&#8221;0&#8243; woodmart_hide_small=&#8221;0&#8243;][vc_separator css=&#8221;&#8221; wd_hide_on_desktop=&#8221;no&#8221;<\/p>\n","protected":false},"author":1,"featured_media":0,"parent":0,"menu_order":0,"comment_status":"closed","ping_status":"closed","template":"","meta":{"footnotes":""},"class_list":["post-5212","page","type-page","status-publish","hentry"],"jetpack_sharing_enabled":true,"_links":{"self":[{"href":"https:\/\/www.harputdibek.com\/en\/wp-json\/wp\/v2\/pages\/5212","targetHints":{"allow":["GET"]}}],"collection":[{"href":"https:\/\/www.harputdibek.com\/en\/wp-json\/wp\/v2\/pages"}],"about":[{"href":"https:\/\/www.harputdibek.com\/en\/wp-json\/wp\/v2\/types\/page"}],"author":[{"embeddable":true,"href":"https:\/\/www.harputdibek.com\/en\/wp-json\/wp\/v2\/users\/1"}],"replies":[{"embeddable":true,"href":"https:\/\/www.harputdibek.com\/en\/wp-json\/wp\/v2\/comments?post=5212"}],"version-history":[{"count":17,"href":"https:\/\/www.harputdibek.com\/en\/wp-json\/wp\/v2\/pages\/5212\/revisions"}],"predecessor-version":[{"id":10649,"href":"https:\/\/www.harputdibek.com\/en\/wp-json\/wp\/v2\/pages\/5212\/revisions\/10649"}],"wp:attachment":[{"href":"https:\/\/www.harputdibek.com\/en\/wp-json\/wp\/v2\/media?parent=5212"}],"curies":[{"name":"wp","href":"https:\/\/api.w.org\/{rel}","templated":true}]}}