{"id":10710,"date":"2025-08-23T13:06:55","date_gmt":"2025-08-23T10:06:55","guid":{"rendered":"https:\/\/www.harputdibek.com\/en\/?page_id=10710"},"modified":"2025-09-02T13:03:48","modified_gmt":"2025-09-02T10:03:48","slug":"gizlilik-politikasi","status":"publish","type":"page","link":"https:\/\/www.harputdibek.com\/en\/gizlilik-politikasi\/","title":{"rendered":"Gizlilik Politikas\u0131"},"content":{"rendered":"<div class=\"wpb-content-wrapper\"><p>[vc_row][vc_column]\n\t\t<div id=\"wd-68a99245367c5\" class=\"title-wrapper wd-wpb wd-set-mb reset-last-child  wd-rs-68a99245367c5 wd-title-color-primary wd-title-style-default text-left vc_custom_1755943504278 wd-underline-colored\">\n\t\t\t\t\t\t\t\n\t\t\t\t<div class=\"title-subtitle  subtitle-color-primary font-default subtitle-style-default wd-font-weight-600 wd-fontsize-xs\">HARPUT KAHVE SAN. T\u0130C. LTD. \u015eT\u0130.<\/div>\n\t\t\t\n\t\t\t<div class=\"liner-continer\">\n\t\t\t\t<h4 class=\"woodmart-title-container title  wd-font-weight- wd-fontsize-xxl\" >Gizlilik Politikas\u0131<\/h4>\n\t\t\t\t\t\t\t<\/div>\n\t\t\t\n\t\t\t\n\t\t\t\n\t\t<\/div>\n\t\t\n\t\t[\/vc_column][\/vc_row][vc_row][vc_column][vc_column_text css=&#8221;&#8221; woodmart_inline=&#8221;no&#8221; text_larger=&#8221;no&#8221;]<\/p>\n<p style=\"text-align: justify;\">\u0130\u015fbu gizlilik politikas\u0131, http:\/\/www.harputdibek.com (\u201cWeb Sitesi\u201d) ile payla\u015f\u0131lan ki\u015fisel bilgilerin Harput Dibek Kahvesikorunmas\u0131 ve kullan\u0131lmas\u0131 ile ilgili bilgi i\u00e7ermektedir.<\/p>\n<p style=\"text-align: justify;\"><strong>Ki\u015fisel \u0130leti\u015fim Bilgileri<\/strong><\/p>\n<p style=\"text-align: justify;\">Web sitesi \u00fczerinden sipari\u015f vermek i\u00e7in sisteme kay\u0131t ve \u00fcye giri\u015fi gerekmektedir. Kay\u0131t esnas\u0131nda Web Sitesi ile payla\u015f\u0131lan her t\u00fcrl\u00fc bilgi kullan\u0131c\u0131lar taraf\u0131ndan her zaman de\u011fi\u015ftirilebilir veya g\u00fcncellenebilir. Ayr\u0131ca, kullan\u0131c\u0131lar Web Sitesi\u2019nde birden fazla kay\u0131tl\u0131 adres olu\u015fturabilir.<\/p>\n<p style=\"text-align: justify;\">Sisteme kay\u0131t olmak i\u00e7in bir e-posta adresi gerekmektedir. E-posta adresi kullan\u0131c\u0131lar ile online olarak ileti\u015fim kurmak, sipari\u015flerle ilgili bir sorun oldu\u011funda kullan\u0131c\u0131ya ula\u015fmak veya promosyonlarla ilgili bilgi vermek i\u00e7in kullan\u0131lacakt\u0131r. Kullan\u0131c\u0131lar\u0131n Web Sitesi\u2019nde payla\u015ft\u0131\u011f\u0131 ki\u015fisel bilgileri g\u00f6r\u00fcnt\u00fclemek veya de\u011fi\u015ftirmek i\u00e7in kullan\u0131c\u0131 ana sayfas\u0131nda bulunan \u201cHesab\u0131m\u201d linkine t\u0131klanmas\u0131 ve bilgilerin d\u00fczenlenmesi m\u00fcmk\u00fcnd\u00fcr.<\/p>\n<p style=\"text-align: justify;\"><strong>Ki\u015fisel Bilgilerin Korunmas\u0131<\/strong><\/p>\n<p style=\"text-align: justify;\">Kullan\u0131c\u0131lar\u0131n ki\u015fisel bilgilerinden ad-soyad, sipari\u015fin g\u00f6nderilece\u011fi kay\u0131tl\u0131 adres ve telefon numaras\u0131 verilen sipari\u015fin kullan\u0131c\u0131ya teslim edilebilmesi amac\u0131yla ta\u015f\u0131ma \u015firketleri ile payla\u015f\u0131lmaktad\u0131r. Bu bilgiler ayn\u0131 zamanda Web Sitesi\u2019nin kullan\u0131m\u0131n\u0131 geli\u015ftirmek, kullan\u0131c\u0131larla ileti\u015fim kurmak i\u00e7in ve hukuken gereken durumlarda kullanmaktad\u0131r. Ayr\u0131ca bu bilgiler, Web Sitesi kullan\u0131m\u0131n\u0131n analizinde ve deste\u011finde de kullan\u0131labilecektir. Kullan\u0131c\u0131 izni olmadan, i\u015fbu Gizlilik Politikas\u0131nda belirtilen kullan\u0131m alanlar\u0131 haricinde Web Sitesi KULLANICILARININ K\u0130\u015e\u0130SEL B\u0130LG\u0130LER\u0130 \u00dc\u00c7\u00dcNC\u00dc K\u0130\u015e\u0130LERLE PAYLA\u015eILMAMAKTADIR.<\/p>\n<p style=\"text-align: justify;\"><strong>Kredi Kart\u0131 ve \u00d6deme<\/strong><\/p>\n<p style=\"text-align: justify;\">Kullan\u0131c\u0131lar\u0131n \u00f6deme esnas\u0131nda siteme girdikleri kredi kart\u0131 bilgileri 128-bit SSL \u015fifreleme g\u00fcvencesiyle korumaktad\u0131r ve KRED\u0130 KARTI B\u0130LG\u0130LER\u0130 WEB S\u0130TES\u0130 VER\u0130 TABANINA KAYDEDILMEMEKTEDIR. \u00d6demeler anla\u015fmal\u0131 oldu\u011fumuz bankalar\u0131n arac\u0131l\u0131\u011f\u0131yla Web Sitesi\u2019nden y\u00f6nlendirilen \u00f6deme sistemleri ile ger\u00e7ekle\u015ftirmektedir.<\/p>\n<p style=\"text-align: justify;\"><strong>Sipari\u015f Bilgileri<\/strong><\/p>\n<p style=\"text-align: justify;\">Sipari\u015fler ile ilgili \u00f6deme \u015fekli, sipari\u015f detaylar\u0131, sipari\u015f tutar\u0131, kullan\u0131lan indirim kuponlar\u0131 gibi bilgiler Web Sitesi\u2019nde toplanabilmektedir. Bu bilgiler personelimizle veya ilgili \u00fc\u00e7\u00fcnc\u00fc ki\u015filerle kullan\u0131c\u0131 sipari\u015finin teslimi a\u015famalar\u0131nda payla\u015f\u0131labilmekte veya Web Sitesi\u2019nin kullan\u0131m analizinde kullanabilmektedir.<\/p>\n<p style=\"text-align: justify;\"><strong>Navigasyon ve T\u0131klama Bilgileri<\/strong><\/p>\n<p style=\"text-align: justify;\">Kullan\u0131c\u0131lar Web Sitesi\u2019nde dola\u015f\u0131rken, dola\u015ft\u0131klar\u0131 sayfalara ve t\u0131klad\u0131klar\u0131 buton ve ba\u011flant\u0131lara ili\u015fkin navigasyon ve t\u0131klama bilgileri, ziyaret ettikleri sayfalar, bir sayfada kald\u0131klar\u0131 s\u00fcre, sipari\u015f verme s\u00fcreleri gibi bilgiler saklanmaktad\u0131r. Bu bilgiler kullan\u0131c\u0131 kimli\u011fini ortaya \u00e7\u0131karmaz veya direkt olarak ilgili kullan\u0131c\u0131n\u0131n \u015fahs\u0131yla ili\u015fkilendirilmemektedir ve yaln\u0131zca Web Sitesi \u00fczerinden verilen sipari\u015flerin tamamlanmas\u0131, analiz edilmesi ve geli\u015ftirilmesi, Web Sitesi\u2019nin kullan\u0131m\u0131n\u0131n art\u0131r\u0131lmas\u0131, hukuken gerekli oldu\u011funda bilgi sa\u011flanmas\u0131 i\u00e7in kullan\u0131lmaktad\u0131r. Bu bilgiler, gerekti\u011finde \u00e7al\u0131\u015fanlar\u0131m\u0131zla veya ilgili \u00fc\u00e7\u00fcnc\u00fc ki\u015filerle sipari\u015fin kullan\u0131c\u0131ya iletilmesi i\u00e7in payla\u015f\u0131labilir.<\/p>\n<p style=\"text-align: justify;\"><strong>Hizmetlerimiz ile \u0130lgili Bilgiler<\/strong><\/p>\n<p style=\"text-align: justify;\">Kullan\u0131c\u0131lar\u0131m\u0131za y\u00fcksek kalitede hizmet sunmay\u0131 hedefliyoruz. Bu hedefe ula\u015fabilmemiz i\u00e7in kullan\u0131c\u0131lar\u0131m\u0131zdan izin alarak zaman zaman kullan\u0131c\u0131lar\u0131n ilgisini \u00e7ekebilece\u011fini d\u00fc\u015f\u00fcnd\u00fc\u011f\u00fcm\u00fcz \u00fcr\u00fcn, hizmet, indirim, promosyon ve kampanyalar hakk\u0131nda e-posta g\u00f6nderebiliriz. Kullan\u0131c\u0131lar her zaman kampanya ve promosyonlar\u0131m\u0131z ile ilgili pazarlama mesajlar\u0131 almaktan vazge\u00e7ebilir ve bunu e-posta arac\u0131l\u0131\u011f\u0131 ile bildirebilir veya kullan\u0131c\u0131 ana sayfas\u0131nda bulunan \u201cHesab\u0131m\u201d linkine t\u0131klayarak ayarlar\u0131n\u0131 de\u011fi\u015ftirebilir veya e-posta \u00fczerinden ilgili linke t\u0131klayarak bu listeden \u00e7\u0131kabilir.<\/p>\n<p style=\"text-align: justify;\"><strong>\u00c7erezler (Cookies)<\/strong><\/p>\n<p style=\"text-align: justify;\">\u00c7erezler, Web Sitesi\u2019ni ziyaret etti\u011finiz zaman bilgisayar\u0131n\u0131za tercihlerinizi kaydeden k\u00fc\u00e7\u00fck metin dosyalar\u0131d\u0131r. \u00c7erezleri, al\u0131\u015fveri\u015f sepetinizde hangi \u00fcr\u00fcnlerin oldu\u011funu hat\u0131rlamak, Web Sitesi\u2019ne tekrar giri\u015f yapt\u0131\u011f\u0131n\u0131zda Web Sitesi\u2019nin kullan\u0131c\u0131y\u0131 tan\u0131mas\u0131, ilginizi \u00e7ekebilecek ilan ve reklamlar\u0131n en \u00e7ok giri\u015f yapt\u0131\u011f\u0131n\u0131z sayfalarda yay\u0131nlanmas\u0131 gibi i\u015flemlerde kullan\u0131c\u0131ya en kaliteli hizmeti sa\u011flamak i\u00e7in kullanmaktay\u0131z. \u00c7erezler, herhangi bir ki\u015fisel veya \u00f6zel bilgi i\u00e7ermez ve bilgisayar\u0131n\u0131za zarar vermez.<\/p>\n<p style=\"text-align: justify;\">Kullan\u0131c\u0131lar\u0131n Web Sitesi \u00fczerinden sipari\u015f verebilmesi i\u00e7in taray\u0131c\u0131 ayarlar\u0131nda \u00e7erezlere izin vermesi gerekmektedir. E\u011fer isterseniz, daha sonra bu \u00e7erezleri bilgisayar\u0131n\u0131zdan silebilir veya engelleyebilirsiniz.<\/p>\n<p style=\"text-align: justify;\">\u00c7erezler kimli\u011finizi tan\u0131mlamak ve Web Sitesi\u2019ne giri\u015f yapt\u0131ktan sonra ilgili ayarlar\u0131 muhafaza etmek i\u00e7in kullan\u0131labilir. \u00c7o\u011fu \u00e7erez \u201coturum \u00e7erezi\u201ddir ve kullan\u0131c\u0131 ziyaretini bitirdikten sonra bilgisayardan silinir. Internet taray\u0131c\u0131s\u0131 ayarlar\u0131na ba\u011fl\u0131 olarak, kullan\u0131c\u0131lar \u00e7erezleri kabul etmeyebilir. Web Sitesi \u00fczerinde reklamlar\u0131 bulunan \u00fc\u00e7\u00fcnc\u00fc ki\u015filerin \u00e7erezleri ile kar\u015f\u0131la\u015f\u0131labilir ancak bunlar Web Sitesi kontrol\u00fcnde de\u011fildir.<\/p>\n<p style=\"text-align: justify;\">Reklamlar\u0131n\u0131n ba\u015far\u0131 oran\u0131n\u0131 \u00f6l\u00e7mek i\u00e7in \u00e7erez ve etiketler veya bu ve benzeri teknolojiler Web Sitesi \u00fczerinde veya internet siteleri \u00fczerinde \u00f6zelle\u015ftirilmi\u015f reklam i\u00e7eri\u011fi d\u00f6nd\u00fcrmek i\u00e7in kullan\u0131labilmektedir. Kullan\u0131c\u0131lar taray\u0131c\u0131lar\u0131n\u0131n se\u00e7eneklerinden \u00e7erez ayarlar\u0131n\u0131 de\u011fi\u015ftirebilirler. \u00c7erezler arac\u0131l\u0131\u011f\u0131 ile \u00fc\u00e7\u00fcnc\u00fc ki\u015filer taraf\u0131ndan toplanan bilgi anonimdir ve ki\u015fisel bilgi i\u00e7ermez.<\/p>\n<p style=\"text-align: justify;\"><strong>\u00dc\u00e7\u00fcnc\u00fc Ki\u015fi Web Siteleri<\/strong><\/p>\n<p style=\"text-align: justify;\">Web Sitesi, \u00fc\u00e7\u00fcnc\u00fc ki\u015filerin web sitelerine ba\u011flant\u0131lar (linkler) i\u00e7eren ilan veya reklamlar bar\u0131nd\u0131rabilir. Harput Dibek Kahvesi kullan\u0131c\u0131lar\u0131n Web Sitesi \u00fczerinden ba\u011fland\u0131\u011f\u0131 \u00fc\u00e7\u00fcnc\u00fc ki\u015fi web siteleri i\u00e7eri\u011finden ve gizlilik politikalar\u0131ndan sorumlu de\u011fildir.<\/p>\n<p style=\"text-align: justify;\">Harput Dibek Kahvesi kanuni d\u00fczenlemeler veya sair sebepler dolay\u0131s\u0131yla Gizlilik Politikas\u0131n\u0131 de\u011fi\u015ftirme hakk\u0131n\u0131 sakl\u0131 tutar. Gizlilik Politikas\u0131ndaki g\u00fcncellemeler Web Sitesi \u00fczerinde yay\u0131nlanacak ve kullan\u0131c\u0131lara ayr\u0131ca e-posta yolu ile iletilecektir.<\/p>\n<p>[\/vc_column_text][\/vc_column][\/vc_row][vc_row][vc_column][vc_empty_space woodmart_hide_large=&#8221;0&#8243; woodmart_hide_medium=&#8221;0&#8243; woodmart_hide_small=&#8221;0&#8243;][vc_separator css=&#8221;&#8221; wd_hide_on_desktop=&#8221;no&#8221; wd_hide_on_tablet=&#8221;no&#8221; wd_hide_on_mobile=&#8221;no&#8221;][vc_empty_space woodmart_hide_large=&#8221;0&#8243; woodmart_hide_medium=&#8221;0&#8243; woodmart_hide_small=&#8221;0&#8243;][\/vc_column][\/vc_row][vc_row][vc_column width=&#8221;1\/2&#8243;]\t\t<div id=\"wd-68a7ddbae9108\" class=\"wd-text-block wd-wpb reset-last-child wd-rs-68a7ddbae9108 text-left vc_custom_1755831753660\">\n\t\t\t<p>Sosyal Medyada Bizi Takip Edin<\/p>\n\t\t<\/div>\n\t\t[\/vc_column][vc_column width=&#8221;1\/2&#8243;]\t\t\t<div\n\t\t\t\t\t\tclass=\" wd-rs-68a7ddcc03b90 wd-social-icons  wd-style-colored-alt wd-size-small social-follow wd-shape-circle color-scheme-dark text-right\">\n\t\t\t\t\n\t\t\t\t\n\t\t\t\t\t\t\t\t\t<a rel=\"noopener noreferrer nofollow\" href=\"https:\/\/www.facebook.com\/harputdibekcom\/\" target=\"_blank\" class=\" wd-social-icon social-facebook\" aria-label=\"Facebook social link\">\n\t\t\t\t\t\t<span class=\"wd-icon\"><\/span>\n\t\t\t\t\t\t\t\t\t\t\t<\/a>\n\t\t\t\t\n\t\t\t\t\t\t\t\t\t<a rel=\"noopener noreferrer nofollow\" href=\"https:\/\/x.com\/harputdibekcom\/\" target=\"_blank\" class=\" wd-social-icon social-twitter\" aria-label=\"X social link\">\n\t\t\t\t\t\t<span class=\"wd-icon\"><\/span>\n\t\t\t\t\t\t\t\t\t\t\t<\/a>\n\t\t\t\t\n\t\t\t\t\n\t\t\t\t\n\t\t\t\t\t\t\t\t\t<a rel=\"noopener noreferrer nofollow\" href=\"https:\/\/www.instagram.com\/harputdibekcom\/\" target=\"_blank\" class=\" wd-social-icon social-instagram\" aria-label=\"Instagram social link\">\n\t\t\t\t\t\t<span class=\"wd-icon\"><\/span>\n\t\t\t\t\t\t\t\t\t\t\t<\/a>\n\t\t\t\t\n\t\t\t\t\n\t\t\t\t\t\t\t\t\t<a rel=\"noopener noreferrer nofollow\" href=\"https:\/\/www.youtube.com\/c\/harputdibek\" target=\"_blank\" class=\" wd-social-icon social-youtube\" aria-label=\"YouTube social link\">\n\t\t\t\t\t\t<span class=\"wd-icon\"><\/span>\n\t\t\t\t\t\t\t\t\t\t\t<\/a>\n\t\t\t\t\n\t\t\t\t\n\t\t\t\t\n\t\t\t\t\t\t\t\t\t<a rel=\"noopener noreferrer nofollow\" href=\"https:\/\/www.linkedin.com\/company\/harputdibek\" target=\"_blank\" class=\" wd-social-icon social-linkedin\" aria-label=\"Linkedin social link\">\n\t\t\t\t\t\t<span class=\"wd-icon\"><\/span>\n\t\t\t\t\t\t\t\t\t\t\t<\/a>\n\t\t\t\t\n\t\t\t\t\n\t\t\t\t\n\t\t\t\t\n\t\t\t\t\n\t\t\t\t\n\t\t\t\t\n\t\t\t\t\n\t\t\t\t\n\t\t\t\t\t\t\t\t\t<a rel=\"noopener noreferrer nofollow\" href=\"https:\/\/wa.me\/+908503050385\" target=\"_blank\" class=\"wd-hide-md  wd-social-icon social-whatsapp\" aria-label=\"WhatsApp social link\">\n\t\t\t\t\t\t<span class=\"wd-icon\"><\/span>\n\t\t\t\t\t\t\t\t\t\t\t<\/a>\n\n\t\t\t\t\t<a rel=\"noopener noreferrer nofollow\" href=\"https:\/\/wa.me\/+908503050385\" target=\"_blank\" class=\"wd-hide-lg  wd-social-icon social-whatsapp\" aria-label=\"WhatsApp social link\">\n\t\t\t\t\t\t<span class=\"wd-icon\"><\/span>\n\t\t\t\t\t\t\t\t\t\t\t<\/a>\n\t\t\t\t\n\t\t\t\t\n\t\t\t\t\n\t\t\t\t\n\t\t\t\t\n\t\t\t\t\n\t\t\t\t\n\t\t\t\t\n\t\t\t<\/div>\n\n\t\t[\/vc_column][\/vc_row]<\/p>\n<\/div>","protected":false},"excerpt":{"rendered":"<p>[vc_row][vc_column][\/vc_column][\/vc_row][vc_row][vc_column][vc_column_text css=&#8221;&#8221; woodmart_inline=&#8221;no&#8221; text_larger=&#8221;no&#8221;] \u0130\u015fbu gizlilik politikas\u0131, http:\/\/www.harputdibek.com (\u201cWeb Sitesi\u201d) ile payla\u015f\u0131lan ki\u015fisel bilgilerin Harput Dibek Kahvesikorunmas\u0131 ve kullan\u0131lmas\u0131 ile<\/p>\n","protected":false},"author":1,"featured_media":0,"parent":0,"menu_order":0,"comment_status":"closed","ping_status":"closed","template":"","meta":{"footnotes":""},"class_list":["post-10710","page","type-page","status-publish","hentry"],"jetpack_sharing_enabled":true,"_links":{"self":[{"href":"https:\/\/www.harputdibek.com\/en\/wp-json\/wp\/v2\/pages\/10710","targetHints":{"allow":["GET"]}}],"collection":[{"href":"https:\/\/www.harputdibek.com\/en\/wp-json\/wp\/v2\/pages"}],"about":[{"href":"https:\/\/www.harputdibek.com\/en\/wp-json\/wp\/v2\/types\/page"}],"author":[{"embeddable":true,"href":"https:\/\/www.harputdibek.com\/en\/wp-json\/wp\/v2\/users\/1"}],"replies":[{"embeddable":true,"href":"https:\/\/www.harputdibek.com\/en\/wp-json\/wp\/v2\/comments?post=10710"}],"version-history":[{"count":1,"href":"https:\/\/www.harputdibek.com\/en\/wp-json\/wp\/v2\/pages\/10710\/revisions"}],"predecessor-version":[{"id":10711,"href":"https:\/\/www.harputdibek.com\/en\/wp-json\/wp\/v2\/pages\/10710\/revisions\/10711"}],"wp:attachment":[{"href":"https:\/\/www.harputdibek.com\/en\/wp-json\/wp\/v2\/media?parent=10710"}],"curies":[{"name":"wp","href":"https:\/\/api.w.org\/{rel}","templated":true}]}}