{"id":10707,"date":"2025-08-23T13:01:15","date_gmt":"2025-08-23T10:01:15","guid":{"rendered":"https:\/\/www.harputdibek.com\/en\/?page_id=10707"},"modified":"2025-09-02T13:02:45","modified_gmt":"2025-09-02T10:02:45","slug":"cerez-politikasi","status":"publish","type":"page","link":"https:\/\/www.harputdibek.com\/en\/cerez-politikasi\/","title":{"rendered":"\u00c7erez Politikas\u0131"},"content":{"rendered":"<div class=\"wpb-content-wrapper\"><p>[vc_row][vc_column]\n\t\t<div id=\"wd-68a990e94a05c\" class=\"title-wrapper wd-wpb wd-set-mb reset-last-child  wd-rs-68a990e94a05c wd-title-color-primary wd-title-style-default text-left vc_custom_1755943155326 wd-underline-colored\">\n\t\t\t\t\t\t\t\n\t\t\t\t<div class=\"title-subtitle  subtitle-color-primary font-default subtitle-style-default wd-font-weight-600 wd-fontsize-xs\">HARPUT KAHVE SAN. T\u0130C. LTD. \u015eT\u0130.<\/div>\n\t\t\t\n\t\t\t<div class=\"liner-continer\">\n\t\t\t\t<h4 class=\"woodmart-title-container title  wd-font-weight- wd-fontsize-xxl\" >\u00c7erez Politikas\u0131<\/h4>\n\t\t\t\t\t\t\t<\/div>\n\t\t\t\n\t\t\t\n\t\t\t\n\t\t<\/div>\n\t\t\n\t\t[\/vc_column][\/vc_row][vc_row][vc_column][vc_column_text css=&#8221;&#8221; woodmart_inline=&#8221;no&#8221; text_larger=&#8221;no&#8221;]<\/p>\n<p style=\"text-align: justify;\">Harput Dibek olarak internet sitemizden en verimli \u015fekilde faydalanabilmeniz ve kullan\u0131c\u0131 deneyiminizi geli\u015ftirebilmek i\u00e7in \u00e7erez kullan\u0131yoruz. \u00c7erez kullan\u0131lmas\u0131n\u0131 tercih etmezseniz taray\u0131c\u0131n\u0131z\u0131n ayarlar\u0131ndan \u00e7erezleri silebilir ya da engelleyebilirsiniz. Ancak bunun internet sitemizin t\u00fcm \u00f6zelliklerini kullan\u0131m\u0131n\u0131z\u0131 etkileyebilece\u011fini hat\u0131rlatmak isteriz.<\/p>\n<p style=\"text-align: justify;\"><strong>1 . \u00c7erez Nedir ve Neden Kullan\u0131lmaktad\u0131r?\u00a0<\/strong><\/p>\n<p style=\"text-align: justify;\">\u00c7erezler, ziyaret etti\u011finiz internet siteleri taraf\u0131ndan taray\u0131c\u0131lar arac\u0131l\u0131\u011f\u0131yla cihaz\u0131n\u0131za veya a\u011f sunucusuna depolanan k\u00fc\u00e7\u00fck metin dosyalar\u0131d\u0131r.<\/p>\n<p style=\"text-align: justify;\">\u0130nternet sitemizde \u00e7erez kullan\u0131lmas\u0131n\u0131n ba\u015fl\u0131ca ama\u00e7lar\u0131 a\u015fa\u011f\u0131da say\u0131lmaktad\u0131r;<\/p>\n<ul style=\"text-align: justify;\">\n<li>\u0130nternet sitesinin i\u015flevselli\u011fini ve performans\u0131n\u0131 artt\u0131rmak yoluyla sizlere sunulan hizmetleri geli\u015ftirmek,<\/li>\n<li>\u0130nternet sitesini iyile\u015ftirmek ve internet sitesi \u00fczerinden yeni \u00f6zellikler sunmak ve sunulan \u00f6zellikleri sizlerin tercihlerine g\u00f6re ki\u015fiselle\u015ftirmek,<\/li>\n<li>\u0130nternet sitesinin, sizin ve \u015eirketimizin hukuki g\u00fcvenli\u011finin teminini sa\u011flamak.<\/li>\n<\/ul>\n<p style=\"text-align: justify;\"><strong>2 . \u0130nternet Sitemizde Kullan\u0131lan \u00c7erez T\u00fcrleri<\/strong><\/p>\n<table class=\" alignleft\">\n<tbody>\n<tr>\n<td>\u00c7erez T\u00fcr\u00fc<\/td>\n<td>A\u00e7\u0131klamalar<\/td>\n<\/tr>\n<tr>\n<td>Oturum \u00c7erezleri<\/td>\n<td>Oturum \u00e7erezleri, Site\u2019yi kullan\u0131m\u0131n\u0131z s\u0131ras\u0131nda ge\u00e7erli olan \u00e7erezler olup internet taray\u0131c\u0131s\u0131 kapat\u0131l\u0131ncaya kadar ge\u00e7erliliklerini korurlar.<\/td>\n<\/tr>\n<tr>\n<td>Kal\u0131c\u0131 \u00c7erezler<\/td>\n<td>Bu \u00e7erezler taray\u0131c\u0131n\u0131zda saklanan ve taraf\u0131n\u0131zca silininceye dek veya son kullan\u0131m tarihine kadar ge\u00e7erlili\u011fini koruyan \u00e7erezlerdir.<\/td>\n<\/tr>\n<tr>\n<td>Birinci Taraf \u00c7erezleri<\/td>\n<td>Site taraf\u0131ndan olu\u015fturulan ve sadece Vak\u0131f taraf\u0131ndan okunabilen \u00e7erezlerdir. Bu \u00e7erezler oturum \u00e7erezleri veya kal\u0131c\u0131 \u00e7erezler olabilirler.<\/td>\n<\/tr>\n<tr>\n<td>\u00dc\u00e7\u00fcnc\u00fc Taraf \u00c7erezleri<\/td>\n<td>Site \u00fczerinden sunulan bir i\u00e7eri\u011fin https:\/\/www.harputdibek.com\/en\/ adresi d\u0131\u015f\u0131nda ba\u015fka alan adlar\u0131 \u00fczerinden de sa\u011flanmas\u0131 halinde, (\u00f6rne\u011fin, bir video platformunda bar\u0131nd\u0131r\u0131lan i\u00e7eri\u011fin Site \u00fczerinden g\u00f6r\u00fcnt\u00fclenmesi); her bir \u00fc\u00e7\u00fcnc\u00fc taraf alan ad\u0131n\u0131n kendine m\u00fcnhas\u0131r yaratt\u0131\u011f\u0131 \u00e7erezlerdir. Bu t\u00fcr \u00e7erezler genel olarak kal\u0131c\u0131 \u00e7erezlerden olu\u015fmaktad\u0131r.<\/td>\n<\/tr>\n<\/tbody>\n<\/table>\n<p style=\"text-align: justify;\"><strong><br \/>\n3 . \u0130nternet Sitemizde Kullan\u0131lan \u00c7erezler<\/strong><\/p>\n<table class=\" alignleft\">\n<tbody>\n<tr>\n<td>\u00c7erez<\/td>\n<td>A\u00e7\u0131klamalar<\/td>\n<td>\u00c7erez Tipi<\/td>\n<td>\u00c7erez S\u00fcresi<\/td>\n<\/tr>\n<tr>\n<td>ca<\/td>\n<td>Kullan\u0131c\u0131 \u00e7erezleri kabul etti\u011fi zaman \u00c7erez Politikas\u0131 uyar\u0131s\u0131n\u0131 ikinci defa g\u00f6stermemek i\u00e7in kullan\u0131l\u0131r.<\/td>\n<td>\u0130\u015flevsellik<\/td>\n<td>1 Y\u0131l<\/td>\n<\/tr>\n<tr>\n<td>_gid<\/td>\n<td>Ziyaret edilen her bir sayfa \u00f6zelinde benzersiz bir de\u011fer atamak amac\u0131yla kullan\u0131lmaktad\u0131r.<\/td>\n<td>Performans<\/td>\n<td>1 G\u00fcn<\/td>\n<\/tr>\n<tr>\n<td>_ga<\/td>\n<td>Kullan\u0131c\u0131lar\u0131, rastgele olu\u015fturulmu\u015f bir say\u0131y\u0131 m\u00fc\u015fteri tan\u0131mlay\u0131c\u0131s\u0131 olarak atayarak, ay\u0131rt etmek amac\u0131yla kullan\u0131lmaktad\u0131r.<\/td>\n<td>Performans<\/td>\n<td>2 Y\u0131l<\/td>\n<\/tr>\n<tr>\n<td>_gat<\/td>\n<td>Bu \u00e7erez ad\u0131, y\u00fcksek trafikli sitelerdeki verilerin toplanmas\u0131n\u0131 s\u0131n\u0131rlayan, istek oran\u0131n\u0131 d\u00fc\u015f\u00fcrmek i\u00e7in kullan\u0131lan belgelere g\u00f6re, Google Universal ili\u015fkilendirilmi\u015ftir.<\/td>\n<td>Performans<\/td>\n<td>1 Dakika<\/td>\n<\/tr>\n<\/tbody>\n<\/table>\n<p style=\"text-align: justify;\"><strong><br \/>\n4 . \u00c7erez Kullan\u0131m\u0131n\u0131n Engellenmesi\u00a0<\/strong><\/p>\n<p style=\"text-align: left;\">Taray\u0131c\u0131n\u0131z\u0131n ayarlar\u0131n\u0131 de\u011fi\u015ftirerek \u00e7erezlere ili\u015fkin tercihlerinizi ki\u015fiselle\u015ftirme imk\u00e2n\u0131na sahipsiniz. Taray\u0131c\u0131 \u00fcreticileri, kendi \u00fcr\u00fcnleri \u00f6zelinde \u00e7erezlerin y\u00f6netimi hususunda ilgili yard\u0131m sayfalar\u0131 sunmakta olup daha fazla bilgi i\u00e7in l\u00fctfen a\u015fa\u011f\u0131daki tabloyu inceleyiniz.<\/p>\n<table class=\" alignleft\">\n<tbody>\n<tr>\n<td>Google Chrome<\/td>\n<td><a href=\"https:\/\/support.google.com\/chrome\/answer\/95647?hl=en\" target=\"_blank\" rel=\"noopener nofollow\">https:\/\/support.google.com\/chrome\/answer\/95647?hl=en<\/a><\/td>\n<\/tr>\n<tr>\n<td>Internet Explorer<\/td>\n<td><a href=\"https:\/\/support.microsoft.com\/en-us\/help\/260971\/description-of-cookies\" target=\"_blank\" rel=\"noopener nofollow\">https:\/\/support.microsoft.com\/en-us\/help\/260971\/description-of-cookies<\/a><\/td>\n<\/tr>\n<tr>\n<td>Mozilla Firefox<\/td>\n<td><a href=\"https:\/\/support.mozilla.org\/en-US\/kb\/cookies-information-websites-store-on-your-computer\" target=\"_blank\" rel=\"noopener nofollow\">https:\/\/support.mozilla.org\/en-US\/kb\/cookies-information-websites-store-on-your-computer<\/a><\/td>\n<\/tr>\n<tr>\n<td>Safari<\/td>\n<td><a href=\"https:\/\/support.apple.com\/kb\/PH5042?locale=en_US\" target=\"_blank\" rel=\"noopener nofollow\">https:\/\/support.apple.com\/kb\/PH5042?locale=en_US<\/a><\/td>\n<\/tr>\n<\/tbody>\n<\/table>\n<p style=\"text-align: justify;\">\u0130\u015fbu \u00c7erez Politikas\u0131\u2019nda belirtilen usullerle profilleme i\u015flemi ger\u00e7ekle\u015ftirilebilmekte, sitemizin geli\u015ftirilebilmesi i\u00e7in gerekli faaliyet y\u00fcr\u00fct\u00fclmektedir.<\/p>\n<p style=\"text-align: left;\">\u015eirketimiz taraf\u0131ndan d\u00fczenlenen i\u015fbu \u00c7erez Politikas\u0131 ki\u015fisel bilgi uygulamalar\u0131m\u0131z\u0131n g\u00f6sterilmesi amac\u0131yla, \u00f6nceden haber verilmeksizin periyodik olarak g\u00fcncellenebilir. \u00c7erez Politikam\u0131zda \u00f6nemli herhangi bir de\u011fi\u015fiklik yap\u0131lmas\u0131 durumunda, internet sitemizde g\u00f6ze \u00e7arpan bir bildirim yer alacak ve bu surette bilgilendirme yap\u0131lacakt\u0131r.<\/p>\n<p style=\"text-align: left;\"><strong>5 . \u00c7erezleriniz Hangi Hukuki Sebeple \u0130\u015flenmektedir?<\/strong><\/p>\n<p style=\"text-align: left;\">Zorunlu \u00e7erezleriniz Ki\u015fisel Verilerin Korunmas\u0131 Kanunu\u2019nun m. 5\/2 (f) h\u00fckm\u00fc uyar\u0131nca temel hak ve \u00f6zg\u00fcrl\u00fcklerinize zarar vermemek kayd\u0131yla \u015eirketimizin me\u015fru menfaati hukuki sebebiyle i\u015flenmektedir. Zorunlu \u00e7erezleriniz haricindeki \u00e7erezleriniz Ki\u015fisel Verilerin Korunmas\u0131 Kanunu\u2019nun m. 5\/1 h\u00fckm\u00fc uyar\u0131nca a\u00e7\u0131k r\u0131zan\u0131z\u0131n al\u0131nmas\u0131 hukuki sebebiyle i\u015flenmektedir.<br \/>\n<strong><br \/>\n6 . \u00c7erezlerinize \u0130li\u015fkin Haklar\u0131n\u0131z Nelerdir?<\/strong><\/p>\n<p style=\"text-align: justify;\">\u00c7erezlerinize ili\u015fkin talepleriniz ve haklar\u0131n\u0131z Ki\u015fisel Verilerin Korunmas\u0131 Kanunu\u2019nun \u201cilgili ki\u015finin haklar\u0131n\u0131 d\u00fczenleyen\u201d 11. maddesinden kaynaklanmakta olup bu madde kapsam\u0131ndaki taleplerinizi Veri Sorumlusuna Ba\u015fvuru Usul ve Esaslar\u0131 Hakk\u0131nda Tebli\u011f uyar\u0131nca \u015eirketimize iletebilirsiniz.<\/p>\n<p>[\/vc_column_text][\/vc_column][\/vc_row][vc_row][vc_column][vc_empty_space woodmart_hide_large=&#8221;0&#8243; woodmart_hide_medium=&#8221;0&#8243; woodmart_hide_small=&#8221;0&#8243;][vc_separator css=&#8221;&#8221; wd_hide_on_desktop=&#8221;no&#8221; wd_hide_on_tablet=&#8221;no&#8221; wd_hide_on_mobile=&#8221;no&#8221;][vc_empty_space woodmart_hide_large=&#8221;0&#8243; woodmart_hide_medium=&#8221;0&#8243; woodmart_hide_small=&#8221;0&#8243;][\/vc_column][\/vc_row][vc_row][vc_column width=&#8221;1\/2&#8243;]\t\t<div id=\"wd-68a7ddbae9108\" class=\"wd-text-block wd-wpb reset-last-child wd-rs-68a7ddbae9108 text-left vc_custom_1755831753660\">\n\t\t\t<p>Sosyal Medyada Bizi Takip Edin<\/p>\n\t\t<\/div>\n\t\t[\/vc_column][vc_column width=&#8221;1\/2&#8243;]\t\t\t<div\n\t\t\t\t\t\tclass=\" wd-rs-68a7ddcc03b90 wd-social-icons  wd-style-colored-alt wd-size-small social-follow wd-shape-circle color-scheme-dark text-right\">\n\t\t\t\t\n\t\t\t\t\n\t\t\t\t\t\t\t\t\t<a rel=\"noopener noreferrer nofollow\" href=\"https:\/\/www.facebook.com\/harputdibekcom\/\" target=\"_blank\" class=\" wd-social-icon social-facebook\" aria-label=\"Facebook social link\">\n\t\t\t\t\t\t<span class=\"wd-icon\"><\/span>\n\t\t\t\t\t\t\t\t\t\t\t<\/a>\n\t\t\t\t\n\t\t\t\t\t\t\t\t\t<a rel=\"noopener noreferrer nofollow\" href=\"https:\/\/x.com\/harputdibekcom\/\" target=\"_blank\" class=\" wd-social-icon social-twitter\" aria-label=\"X social link\">\n\t\t\t\t\t\t<span class=\"wd-icon\"><\/span>\n\t\t\t\t\t\t\t\t\t\t\t<\/a>\n\t\t\t\t\n\t\t\t\t\n\t\t\t\t\n\t\t\t\t\t\t\t\t\t<a rel=\"noopener noreferrer nofollow\" href=\"https:\/\/www.instagram.com\/harputdibekcom\/\" target=\"_blank\" class=\" wd-social-icon social-instagram\" aria-label=\"Instagram social link\">\n\t\t\t\t\t\t<span class=\"wd-icon\"><\/span>\n\t\t\t\t\t\t\t\t\t\t\t<\/a>\n\t\t\t\t\n\t\t\t\t\n\t\t\t\t\t\t\t\t\t<a rel=\"noopener noreferrer nofollow\" href=\"https:\/\/www.youtube.com\/c\/harputdibek\" target=\"_blank\" class=\" wd-social-icon social-youtube\" aria-label=\"YouTube social link\">\n\t\t\t\t\t\t<span class=\"wd-icon\"><\/span>\n\t\t\t\t\t\t\t\t\t\t\t<\/a>\n\t\t\t\t\n\t\t\t\t\n\t\t\t\t\n\t\t\t\t\t\t\t\t\t<a rel=\"noopener noreferrer nofollow\" href=\"https:\/\/www.linkedin.com\/company\/harputdibek\" target=\"_blank\" class=\" wd-social-icon social-linkedin\" aria-label=\"Linkedin social link\">\n\t\t\t\t\t\t<span class=\"wd-icon\"><\/span>\n\t\t\t\t\t\t\t\t\t\t\t<\/a>\n\t\t\t\t\n\t\t\t\t\n\t\t\t\t\n\t\t\t\t\n\t\t\t\t\n\t\t\t\t\n\t\t\t\t\n\t\t\t\t\n\t\t\t\t\n\t\t\t\t\t\t\t\t\t<a rel=\"noopener noreferrer nofollow\" href=\"https:\/\/wa.me\/+908503050385\" target=\"_blank\" class=\"wd-hide-md  wd-social-icon social-whatsapp\" aria-label=\"WhatsApp social link\">\n\t\t\t\t\t\t<span class=\"wd-icon\"><\/span>\n\t\t\t\t\t\t\t\t\t\t\t<\/a>\n\n\t\t\t\t\t<a rel=\"noopener noreferrer nofollow\" href=\"https:\/\/wa.me\/+908503050385\" target=\"_blank\" class=\"wd-hide-lg  wd-social-icon social-whatsapp\" aria-label=\"WhatsApp social link\">\n\t\t\t\t\t\t<span class=\"wd-icon\"><\/span>\n\t\t\t\t\t\t\t\t\t\t\t<\/a>\n\t\t\t\t\n\t\t\t\t\n\t\t\t\t\n\t\t\t\t\n\t\t\t\t\n\t\t\t\t\n\t\t\t\t\n\t\t\t\t\n\t\t\t<\/div>\n\n\t\t[\/vc_column][\/vc_row]<\/p>\n<\/div>","protected":false},"excerpt":{"rendered":"<p>[vc_row][vc_column][\/vc_column][\/vc_row][vc_row][vc_column][vc_column_text css=&#8221;&#8221; woodmart_inline=&#8221;no&#8221; text_larger=&#8221;no&#8221;] Harput Dibek olarak internet sitemizden en verimli \u015fekilde faydalanabilmeniz ve kullan\u0131c\u0131 deneyiminizi geli\u015ftirebilmek i\u00e7in \u00e7erez kullan\u0131yoruz.<\/p>\n","protected":false},"author":1,"featured_media":0,"parent":0,"menu_order":0,"comment_status":"closed","ping_status":"closed","template":"","meta":{"footnotes":""},"class_list":["post-10707","page","type-page","status-publish","hentry"],"jetpack_sharing_enabled":true,"_links":{"self":[{"href":"https:\/\/www.harputdibek.com\/en\/wp-json\/wp\/v2\/pages\/10707","targetHints":{"allow":["GET"]}}],"collection":[{"href":"https:\/\/www.harputdibek.com\/en\/wp-json\/wp\/v2\/pages"}],"about":[{"href":"https:\/\/www.harputdibek.com\/en\/wp-json\/wp\/v2\/types\/page"}],"author":[{"embeddable":true,"href":"https:\/\/www.harputdibek.com\/en\/wp-json\/wp\/v2\/users\/1"}],"replies":[{"embeddable":true,"href":"https:\/\/www.harputdibek.com\/en\/wp-json\/wp\/v2\/comments?post=10707"}],"version-history":[{"count":1,"href":"https:\/\/www.harputdibek.com\/en\/wp-json\/wp\/v2\/pages\/10707\/revisions"}],"predecessor-version":[{"id":10708,"href":"https:\/\/www.harputdibek.com\/en\/wp-json\/wp\/v2\/pages\/10707\/revisions\/10708"}],"wp:attachment":[{"href":"https:\/\/www.harputdibek.com\/en\/wp-json\/wp\/v2\/media?parent=10707"}],"curies":[{"name":"wp","href":"https:\/\/api.w.org\/{rel}","templated":true}]}}