{"id":10703,"date":"2025-08-23T12:52:17","date_gmt":"2025-08-23T09:52:17","guid":{"rendered":"https:\/\/www.harputdibek.com\/en\/?page_id=10703"},"modified":"2025-09-02T13:05:13","modified_gmt":"2025-09-02T10:05:13","slug":"kariyer","status":"publish","type":"page","link":"https:\/\/www.harputdibek.com\/en\/kariyer\/","title":{"rendered":"Kariyer"},"content":{"rendered":"<div class=\"wpb-content-wrapper\"><p>[vc_row][vc_column]\n\t\t<div id=\"wd-68a98e7c91fa5\" class=\"title-wrapper wd-wpb wd-set-mb reset-last-child  wd-rs-68a98e7c91fa5 wd-title-color-primary wd-title-style-default text-left vc_custom_1755942538602 wd-underline-colored\">\n\t\t\t\t\t\t\t\n\t\t\t\t<div class=\"title-subtitle  subtitle-color-primary font-default subtitle-style-default wd-font-weight-600 wd-fontsize-xs\">HARPUT KAHVE SAN. T\u0130C. LTD. \u015eT\u0130.<\/div>\n\t\t\t\n\t\t\t<div class=\"liner-continer\">\n\t\t\t\t<h4 class=\"woodmart-title-container title  wd-font-weight- wd-fontsize-xxl\" >Harput Dibek'te Kariyer<\/h4>\n\t\t\t\t\t\t\t<\/div>\n\t\t\t\n\t\t\t\n\t\t\t\n\t\t<\/div>\n\t\t\n\t\t[\/vc_column][\/vc_row][vc_row][vc_column width=&#8221;1\/4&#8243;][vc_single_image image=&#8221;67540&#8243; img_size=&#8221;full&#8221; alignment=&#8221;center&#8221; css=&#8221;&#8221; parallax_scroll=&#8221;no&#8221; woodmart_inline=&#8221;no&#8221;][\/vc_column][vc_column width=&#8221;3\/4&#8243;]\n\t\t<div id=\"wd-68a98e933fe9a\" class=\"title-wrapper wd-wpb wd-set-mb reset-last-child  wd-rs-68a98e933fe9a wd-title-color-primary wd-title-style-default text-left vc_custom_1755942554613 wd-underline-colored\">\n\t\t\t\n\t\t\t<div class=\"liner-continer\">\n\t\t\t\t<h4 class=\"woodmart-title-container title  wd-font-weight- wd-fontsize-xl\" >Genel Bilgi<\/h4>\n\t\t\t\t\t\t\t<\/div>\n\t\t\t\n\t\t\t\n\t\t\t\n\t\t<\/div>\n\t\t\n\t\t[vc_column_text css=&#8221;&#8221; woodmart_inline=&#8221;no&#8221; text_larger=&#8221;no&#8221;]<\/p>\n<p style=\"text-align: justify;\">Kariyer, bireyin \u00e7al\u0131\u015fma ya\u015fam\u0131 boyunca herhangi bir alan\u0131nda ilerlemesi, deneyim ve beceri kazanmas\u0131, daha fazla sorumluluk \u00fcstlenmesi ve sayg\u0131nl\u0131k kazanmas\u0131d\u0131r.<\/p>\n<p style=\"text-align: justify;\">Firmam\u0131z, \u00e7al\u0131\u015fanlar\u0131n\u0131n geli\u015fme ve ilerlemesini sa\u011flayacak kariyer planlamalar\u0131 yaparak gelecekte ihtiya\u00e7 duyaca\u011f\u0131 nitelikli elemanlar\u0131, mesle\u011finde uzman, motivasyonu y\u00fcksek, katma de\u011fer yaratan \u00e7al\u0131\u015fan profili olu\u015fturmak maksad\u0131yla e\u011fitime son derece \u00f6nem vermektedir.<\/p>\n<p style=\"text-align: justify;\">Firmam\u0131zda belirlenen hedefler do\u011frultusunda personelin gerekli e\u011fitimleri almas\u0131, i\u015f deneyimi kazanmas\u0131, mesleki ve bireysel a\u00e7\u0131dan ki\u015finin kendini ger\u00e7ekle\u015ftirmesi sa\u011flanmaktad\u0131r. Ayr\u0131ca sekt\u00f6r\u00fcndeki yurt i\u00e7i ve yurt d\u0131\u015f\u0131 geli\u015fmeleri izleme imk\u00e2n\u0131 bulunmaktad\u0131r.<\/p>\n<p style=\"text-align: justify;\">Harput Kahve San. ve Tic. Ltd. \u015eti.de kariyer planlamas\u0131 kapsam\u0131nda, \u00e7al\u0131\u015fanlar\u0131n kariyerle ilgili taleplerine cevap verme, ba\u015far\u0131l\u0131 \u00e7al\u0131\u015fanlar\u0131n terfileri, yeteneklerin geli\u015ftirilmesi, e\u011fitim ve motivasyon konular\u0131nda \u00e7al\u0131\u015fmalar yap\u0131lmaktad\u0131r. Bu konuda personelin ihtiya\u00e7lar\u0131 do\u011frultusunda \u00fclkemizin bir\u00e7ok b\u00f6lgesinde hizmet i\u00e7i e\u011fitimler d\u00fczenlenmekte; ayr\u0131ca i\u015f verimlili\u011fi y\u00fcksek, konusunda uzman ve ba\u015far\u0131l\u0131 personeli daha iyi yeti\u015ftirmek amac\u0131yla yurt d\u0131\u015f\u0131na g\u00f6ndermek i\u00e7in gerekli \u00e7al\u0131\u015fmalar yap\u0131lmaktad\u0131r.<\/p>\n<p>[\/vc_column_text][\/vc_column][\/vc_row][vc_row][vc_column]\n\t\t<div id=\"wd-68a98eca93f54\" class=\"title-wrapper wd-wpb wd-set-mb reset-last-child  wd-rs-68a98eca93f54 wd-title-color-primary wd-title-style-default text-left vc_custom_1755942616337 wd-underline-colored\">\n\t\t\t\n\t\t\t<div class=\"liner-continer\">\n\t\t\t\t<h3 class=\"woodmart-title-container title  wd-font-weight- wd-fontsize-xl\" >\u0130\u015f \u0130l\u00e2n\u0131 Duyurular\u0131<\/h3>\n\t\t\t\t\t\t\t<\/div>\n\t\t\t\n\t\t\t\n\t\t\t\n\t\t<\/div>\n\t\t\n\t\t[\/vc_column][\/vc_row][vc_row][vc_column][vc_column_text css=&#8221;&#8221; woodmart_inline=&#8221;no&#8221; text_larger=&#8221;no&#8221;]<\/p>\n<p style=\"text-align: justify;\">Genel M\u00fcd\u00fcr, Sat\u0131\u015f ve Pazarlama M\u00fcd\u00fcr\u00fc, B\u00f6lge Sat\u0131\u015f ve Pazarlama Temsilcisi, \u0130l Sat\u0131\u015f ve Pazarlama Sorumlusu, Sat\u0131\u015f ve Pazarlama Sorumlusu, Muhasebe Sorumlusu, Y\u00f6netici Asistan\u0131, \u0130hracat Uzman\u0131, Medya ve Tan\u0131t\u0131m Sorumlusu, Depo G\u00f6revlisi, Ofis Sorumlusu, \u00dcretim Sorumlusu, G\u0131da M\u00fchendisi, AR-GE ve Proje Uzman\u0131, Fabrika Personeli, A\u015f\u00e7\u0131, Lojistik Sorumlusu, \u015eof\u00f6r&#8230;<\/p>\n<p>[\/vc_column_text][vc_separator css=&#8221;&#8221; wd_hide_on_desktop=&#8221;no&#8221; wd_hide_on_tablet=&#8221;no&#8221; wd_hide_on_mobile=&#8221;no&#8221;][vc_column_text css=&#8221;&#8221; woodmart_inline=&#8221;no&#8221; text_larger=&#8221;no&#8221;]<\/p>\n<p style=\"text-align: center;\">Mevcutta \u015fu an \u00e7al\u0131\u015fma arkada\u015flar\u0131 aray\u0131\u015f\u0131m\u0131z bulunmamaktad\u0131r. Herhangi bir ihtiya\u00e7 do\u011frultusunda il\u00e2nlar burada yay\u0131nlanacakt\u0131r.<\/p>\n<p>[\/vc_column_text][\/vc_column][\/vc_row][vc_row][vc_column][vc_empty_space woodmart_hide_large=&#8221;0&#8243; woodmart_hide_medium=&#8221;0&#8243; woodmart_hide_small=&#8221;0&#8243;][vc_separator css=&#8221;&#8221; wd_hide_on_desktop=&#8221;no&#8221; wd_hide_on_tablet=&#8221;no&#8221; wd_hide_on_mobile=&#8221;no&#8221;][vc_empty_space woodmart_hide_large=&#8221;0&#8243; woodmart_hide_medium=&#8221;0&#8243; woodmart_hide_small=&#8221;0&#8243;][\/vc_column][\/vc_row][vc_row][vc_column width=&#8221;1\/2&#8243;]\t\t<div id=\"wd-68a7ddbae9108\" class=\"wd-text-block wd-wpb reset-last-child wd-rs-68a7ddbae9108 text-left vc_custom_1755831753660\">\n\t\t\t<p>Sosyal Medyada Bizi Takip Edin<\/p>\n\t\t<\/div>\n\t\t[\/vc_column][vc_column width=&#8221;1\/2&#8243;]\t\t\t<div\n\t\t\t\t\t\tclass=\" wd-rs-68a7ddcc03b90 wd-social-icons  wd-style-colored-alt wd-size-small social-follow wd-shape-circle color-scheme-dark text-right\">\n\t\t\t\t\n\t\t\t\t\n\t\t\t\t\t\t\t\t\t<a rel=\"noopener noreferrer nofollow\" href=\"https:\/\/www.facebook.com\/harputdibekcom\/\" target=\"_blank\" class=\" wd-social-icon social-facebook\" aria-label=\"Facebook social link\">\n\t\t\t\t\t\t<span class=\"wd-icon\"><\/span>\n\t\t\t\t\t\t\t\t\t\t\t<\/a>\n\t\t\t\t\n\t\t\t\t\t\t\t\t\t<a rel=\"noopener noreferrer nofollow\" href=\"https:\/\/x.com\/harputdibekcom\/\" target=\"_blank\" class=\" wd-social-icon social-twitter\" aria-label=\"X social link\">\n\t\t\t\t\t\t<span class=\"wd-icon\"><\/span>\n\t\t\t\t\t\t\t\t\t\t\t<\/a>\n\t\t\t\t\n\t\t\t\t\n\t\t\t\t\n\t\t\t\t\t\t\t\t\t<a rel=\"noopener noreferrer nofollow\" href=\"https:\/\/www.instagram.com\/harputdibekcom\/\" target=\"_blank\" class=\" wd-social-icon social-instagram\" aria-label=\"Instagram social link\">\n\t\t\t\t\t\t<span class=\"wd-icon\"><\/span>\n\t\t\t\t\t\t\t\t\t\t\t<\/a>\n\t\t\t\t\n\t\t\t\t\n\t\t\t\t\t\t\t\t\t<a rel=\"noopener noreferrer nofollow\" href=\"https:\/\/www.youtube.com\/c\/harputdibek\" target=\"_blank\" class=\" wd-social-icon social-youtube\" aria-label=\"YouTube social link\">\n\t\t\t\t\t\t<span class=\"wd-icon\"><\/span>\n\t\t\t\t\t\t\t\t\t\t\t<\/a>\n\t\t\t\t\n\t\t\t\t\n\t\t\t\t\n\t\t\t\t\t\t\t\t\t<a rel=\"noopener noreferrer nofollow\" href=\"https:\/\/www.linkedin.com\/company\/harputdibek\" target=\"_blank\" class=\" wd-social-icon social-linkedin\" aria-label=\"Linkedin social link\">\n\t\t\t\t\t\t<span class=\"wd-icon\"><\/span>\n\t\t\t\t\t\t\t\t\t\t\t<\/a>\n\t\t\t\t\n\t\t\t\t\n\t\t\t\t\n\t\t\t\t\n\t\t\t\t\n\t\t\t\t\n\t\t\t\t\n\t\t\t\t\n\t\t\t\t\n\t\t\t\t\t\t\t\t\t<a rel=\"noopener noreferrer nofollow\" href=\"https:\/\/wa.me\/+908503050385\" target=\"_blank\" class=\"wd-hide-md  wd-social-icon social-whatsapp\" aria-label=\"WhatsApp social link\">\n\t\t\t\t\t\t<span class=\"wd-icon\"><\/span>\n\t\t\t\t\t\t\t\t\t\t\t<\/a>\n\n\t\t\t\t\t<a rel=\"noopener noreferrer nofollow\" href=\"https:\/\/wa.me\/+908503050385\" target=\"_blank\" class=\"wd-hide-lg  wd-social-icon social-whatsapp\" aria-label=\"WhatsApp social link\">\n\t\t\t\t\t\t<span class=\"wd-icon\"><\/span>\n\t\t\t\t\t\t\t\t\t\t\t<\/a>\n\t\t\t\t\n\t\t\t\t\n\t\t\t\t\n\t\t\t\t\n\t\t\t\t\n\t\t\t\t\n\t\t\t\t\n\t\t\t\t\n\t\t\t<\/div>\n\n\t\t[\/vc_column][\/vc_row]<\/p>\n<\/div>","protected":false},"excerpt":{"rendered":"<p>[vc_row][vc_column][\/vc_column][\/vc_row][vc_row][vc_column width=&#8221;1\/4&#8243;][vc_single_image image=&#8221;67540&#8243; img_size=&#8221;full&#8221; alignment=&#8221;center&#8221; css=&#8221;&#8221; parallax_scroll=&#8221;no&#8221; woodmart_inline=&#8221;no&#8221;][\/vc_column][vc_column width=&#8221;3\/4&#8243;][vc_column_text css=&#8221;&#8221; woodmart_inline=&#8221;no&#8221; text_larger=&#8221;no&#8221;] Kariyer, bireyin \u00e7al\u0131\u015fma ya\u015fam\u0131 boyunca herhangi bir alan\u0131nda<\/p>\n","protected":false},"author":1,"featured_media":0,"parent":0,"menu_order":0,"comment_status":"closed","ping_status":"closed","template":"","meta":{"footnotes":""},"class_list":["post-10703","page","type-page","status-publish","hentry"],"jetpack_sharing_enabled":true,"_links":{"self":[{"href":"https:\/\/www.harputdibek.com\/en\/wp-json\/wp\/v2\/pages\/10703","targetHints":{"allow":["GET"]}}],"collection":[{"href":"https:\/\/www.harputdibek.com\/en\/wp-json\/wp\/v2\/pages"}],"about":[{"href":"https:\/\/www.harputdibek.com\/en\/wp-json\/wp\/v2\/types\/page"}],"author":[{"embeddable":true,"href":"https:\/\/www.harputdibek.com\/en\/wp-json\/wp\/v2\/users\/1"}],"replies":[{"embeddable":true,"href":"https:\/\/www.harputdibek.com\/en\/wp-json\/wp\/v2\/comments?post=10703"}],"version-history":[{"count":6,"href":"https:\/\/www.harputdibek.com\/en\/wp-json\/wp\/v2\/pages\/10703\/revisions"}],"predecessor-version":[{"id":67543,"href":"https:\/\/www.harputdibek.com\/en\/wp-json\/wp\/v2\/pages\/10703\/revisions\/67543"}],"wp:attachment":[{"href":"https:\/\/www.harputdibek.com\/en\/wp-json\/wp\/v2\/media?parent=10703"}],"curies":[{"name":"wp","href":"https:\/\/api.w.org\/{rel}","templated":true}]}}