{"id":10691,"date":"2025-08-23T12:28:41","date_gmt":"2025-08-23T09:28:41","guid":{"rendered":"https:\/\/www.harputdibek.com\/en\/?page_id=10691"},"modified":"2025-09-02T13:04:03","modified_gmt":"2025-09-02T10:04:03","slug":"ihracat-ve-yurt-disi-franchise","status":"publish","type":"page","link":"https:\/\/www.harputdibek.com\/en\/ihracat-ve-yurt-disi-franchise\/","title":{"rendered":"\u0130hracat ve Yurt D\u0131\u015f\u0131 Franchise"},"content":{"rendered":"<div class=\"wpb-content-wrapper\"><p>[vc_row][vc_column]\n\t\t<div id=\"wd-68a9891c69c1e\" class=\"title-wrapper wd-wpb wd-set-mb reset-last-child  wd-rs-68a9891c69c1e wd-title-color-primary wd-title-style-default text-left vc_custom_1755941152523 wd-underline-colored\">\n\t\t\t\t\t\t\t\n\t\t\t\t<div class=\"title-subtitle  subtitle-color-primary font-default subtitle-style-default wd-font-weight-600 wd-fontsize-xs\">HARPUT KAHVE SAN. T\u0130C. LTD. \u015eT\u0130.<\/div>\n\t\t\t\n\t\t\t<div class=\"liner-continer\">\n\t\t\t\t<h4 class=\"woodmart-title-container title  wd-font-weight- wd-fontsize-xxl\" >\u0130hracat ve Yurt D\u0131\u015f\u0131 Franchise<\/h4>\n\t\t\t\t\t\t\t<\/div>\n\t\t\t\n\t\t\t\n\t\t\t\n\t\t<\/div>\n\t\t\n\t\t[\/vc_column][\/vc_row][vc_row][vc_column][vc_column_text css=&#8221;&#8221; woodmart_inline=&#8221;no&#8221; text_larger=&#8221;no&#8221;]Geleneksel T\u00fcrk kahve miras\u0131n\u0131 k\u00fcresel anlamda daha \u00e7ok insana ula\u015ft\u0131rmay\u0131 kendisine ilke edinen Harput Dibek firmas\u0131, yurt d\u0131\u015f\u0131 sat\u0131\u015f planlamalar\u0131nda distrib\u00fct\u00f6rl\u00fck ve franchising sistemleriyle i\u015f birli\u011fi kurmaktad\u0131r.<\/p>\n<p>[\/vc_column_text]\n\t\t<div id=\"wd-68a989b8bcd60\" class=\"title-wrapper wd-wpb wd-set-mb reset-last-child  wd-rs-68a989b8bcd60 wd-title-color-primary wd-title-style-default text-left vc_custom_1755941318145 wd-underline-colored\">\n\t\t\t\n\t\t\t<div class=\"liner-continer\">\n\t\t\t\t<h4 class=\"woodmart-title-container title  wd-font-weight- wd-fontsize-xl\" >Distrib\u00fct\u00f6rl\u00fck<\/h4>\n\t\t\t\t\t\t\t<\/div>\n\t\t\t\n\t\t\t\n\t\t\t\n\t\t<\/div>\n\t\t\n\t\t[vc_column_text css=&#8221;&#8221; woodmart_inline=&#8221;no&#8221; text_larger=&#8221;no&#8221;]<\/p>\n<ul>\n<li style=\"text-align: justify;\">Distrib\u00fct\u00f6rl\u00fck esaslar\u0131na g\u00f6re i\u015f birli\u011fi yapmak isteyen \u015firket, firmaya ait kay\u0131t ve faaliyet belgelerini sunar, bulundu\u011fu \u00fclkenin resm\u00ee kurumlar\u0131ndan gerekli t\u00fcm yasal izin ve lisanslar\u0131 al\u0131r, \u015firketin sahip oldu\u011fu pazar pay\u0131 bilgilerini ve hedef \u00fclke pazar\u0131n\u0131n verilerini sunar. Harput Dibek, distrib\u00fct\u00f6re hedef pazar\u0131n uygunlu\u011fu hakk\u0131nda bilgi verir.<\/li>\n<li style=\"text-align: justify;\">Deneme s\u00fcresi 6 ay olarak belirlenmi\u015f olup, bu s\u00fcre i\u00e7erisinde Distrib\u00fct\u00f6r, en az 2 (iki) adet standart paletlik bir deneme sipari\u015fi vererek ve a\u015fa\u011f\u0131daki hususlarda belirtildi\u011fi \u015fekilde sat\u0131\u015fa ba\u015flar.<\/li>\n<li style=\"text-align: justify;\">\u0130lk 6 ay boyunca distrib\u00fct\u00f6r, al\u0131\u015fveri\u015f merkezleri, benzin istasyonlar\u0131 ve \u00e7ar\u015f\u0131lar gibi yo\u011fun n\u00fcfuslu b\u00f6lgelerde yerel halka pi\u015fmi\u015f Dibek kahvesini \u00fccretsiz servis ederek tan\u0131t\u0131m yapar ve Harput Dibek, distrib\u00fct\u00f6r\u00fc bu a\u015famada \u00fccretsiz \u00fcr\u00fcnlerle destekler (Distrib\u00fct\u00f6r\u00fcn sat\u0131n ald\u0131\u011f\u0131 her palet i\u00e7in 20 kg toplu Dibek Kahvesi ve 2000 adet karton bardak \u00fccretsiz olarak palete eklenir).<\/li>\n<li style=\"text-align: justify;\">Harput Dibek ve distrib\u00fct\u00f6r firma, ko\u015fullar \u00fczerinde mutabakata var\u0131lmas\u0131 halinde her iki taraf\u0131n da menfaatlerini g\u00f6z \u00f6n\u00fcnde bulundurarak a\u015fa\u011f\u0131daki hususlar\u0131 i\u00e7eren 1 (bir) y\u0131ll\u0131k bir distrib\u00fct\u00f6rl\u00fck s\u00f6zle\u015fmesi imzalar.<\/li>\n<li style=\"text-align: justify;\">Bu \u015fartlar alt\u0131nda en az sat\u0131n alma miktar\u0131, ilk y\u0131l i\u00e7in en az 1 (bir) adet 40ft konteyner olup, bu miktar y\u0131llar i\u00e7inde art\u0131r\u0131lacakt\u0131r. Kararla\u015ft\u0131r\u0131lan sat\u0131n alma miktar\u0131, y\u0131l\u0131n d\u00f6rt \u00e7eyre\u011fi olarak 4 (d\u00f6rt) aral\u0131\u011fa b\u00f6l\u00fcnecektir.<\/li>\n<li style=\"text-align: justify;\">Distrib\u00fct\u00f6r firma taraf\u0131ndan talep edilmesi halinde, Harput Dibek distrib\u00fct\u00f6r\u00fcn \u00fclkesine bir s\u00fcperviz\u00f6r g\u00f6ndererek \u00e7al\u0131\u015fanlar\u0131 e\u011fitir ve 15 g\u00fcn boyunca sistemin kurulmas\u0131na yard\u0131mc\u0131 olur. Bu a\u015famada distrib\u00fct\u00f6r firma s\u00fcperviz\u00f6r\u00fcn t\u00fcm masraflar\u0131n\u0131 kar\u015f\u0131lar.<\/li>\n<li style=\"text-align: justify;\">Distrib\u00fct\u00f6r, Harput Dibek&#8217;in \u00fclkedeki t\u00fcm ticari faaliyetlerini y\u00f6netir ve Harput Dibek&#8217;in piyasa pay\u0131n\u0131n durumunu \u00fc\u00e7 ayda bir \u015feffafl\u0131kla raporlar. Harput Dibek, Distrib\u00fct\u00f6r\u00fcn \u00fclkesinden gelen t\u00fcm talepleri do\u011frudan Distrib\u00fct\u00f6re iletmekle y\u00fck\u00fcml\u00fcd\u00fcr.<\/li>\n<li style=\"text-align: justify;\">Distrib\u00fct\u00f6r, pazar\u0131n ihtiya\u00e7lar\u0131 kadar mal stoklar, Harput Dibek m\u00fc\u015fterilerinin t\u00fcm ihtiya\u00e7lar\u0131n\u0131 kar\u015f\u0131lar ve talep edenlere sat\u0131\u015f noktalar\u0131, dijital platformlar, ma\u011fazalar vb. gibi \u015fubeler sa\u011flar.<\/li>\n<li style=\"text-align: justify;\">Distrib\u00fct\u00f6r, ilgili \u00fclkedeki franchise verme yetkisinin tek sahibi olup, Harput Dibek Franchising Sistemi&#8217;ni hedef pazarda i\u015fletmekle y\u00fck\u00fcml\u00fcd\u00fcr. Distrib\u00fct\u00f6r, franchise taleplerini distrib\u00fct\u00f6rl\u00fck s\u00f6zle\u015fmesine g\u00f6re y\u00f6netir, Harput Dibek&#8217;e h\u0131zl\u0131 bir \u015fekilde rapor verir, t\u00fcm mallar\u0131 tedarik eder ve t\u00fcm franchise alanlar\u0131n\u0131\/alt franchise&#8217;lar\u0131 denetler.<\/li>\n<li style=\"text-align: justify;\">T\u00fcm y\u00fck\u00fcml\u00fcl\u00fcklerin yerine getirilmesi ve sat\u0131n alman\u0131n b\u00f6l\u00fcnmesinin kar\u015f\u0131lanmas\u0131, da\u011f\u0131t\u0131c\u0131l\u0131k s\u00f6zle\u015fmesi halinde bir sonraki d\u00f6nem i\u00e7in 3 (\u00fc\u00e7) y\u0131l ge\u00e7erli olmak \u00fczere yenilenir.<\/li>\n<\/ul>\n<p>[\/vc_column_text][\/vc_column][\/vc_row][vc_row][vc_column]\n\t\t<div id=\"wd-68a989f101449\" class=\"title-wrapper wd-wpb wd-set-mb reset-last-child  wd-rs-68a989f101449 wd-title-color-primary wd-title-style-default text-left vc_custom_1755941375271 wd-underline-colored\">\n\t\t\t\n\t\t\t<div class=\"liner-continer\">\n\t\t\t\t<h3 class=\"woodmart-title-container title  wd-font-weight- wd-fontsize-xl\" >Yurt D\u0131\u015f\u0131 Franchising<\/h3>\n\t\t\t\t\t\t\t<\/div>\n\t\t\t\n\t\t\t\n\t\t\t\n\t\t<\/div>\n\t\t\n\t\t[\/vc_column][\/vc_row][vc_row][vc_column][vc_column_text css=&#8221;&#8221; woodmart_inline=&#8221;no&#8221; text_larger=&#8221;no&#8221;]<\/p>\n<ul>\n<li style=\"text-align: justify;\">Franchise alan \u015firket, \u015firketin ilgili \u00fclkedeki tescil ve faaliyet belgelerini, ayr\u0131ca &#8220;Kahve D\u00fckk\u00e2n\u0131&#8221; in\u015fa etmeyi planlad\u0131\u011f\u0131 potansiyel mek\u00e2n\u0131n metrekaresi, konumu ve \u00e7evresi gibi t\u00fcm bilgileri Harput Dibek firmas\u0131na sunar.<\/li>\n<li style=\"text-align: justify;\">Harput Dibek firmas\u0131, franchise alan firma taraf\u0131ndan sunulan yeri inceler ve uygun olmas\u0131 halinde, t\u00fcm belgeleri kontrol ettikten sonra, teslim s\u00fcresi ve \u00f6deme ko\u015fullar\u0131 da dahil olmak \u00fczere anahtar teslim bir proje teklifi haz\u0131rlar.<\/li>\n<li style=\"text-align: justify;\">Franchise alan firma, \u015firketin bulundu\u011fu \u00fclkenin resm\u00ee kurumlar\u0131ndan gerekli t\u00fcm izin ve lisanslar\u0131 al\u0131r ve \u00fclke ko\u015fullar\u0131n\u0131 di\u011fer belgelerle birlikte Harput Dibek\u2019e sunar.<\/li>\n<li style=\"text-align: justify;\">Harput Dibek firmas\u0131, telif \u00fccreti ve ayr\u0131ca kahve d\u00fckkan\u0131n\u0131n \u00f6zelliklerine g\u00f6re t\u00fcm projenin tasar\u0131m ve in\u015faat maliyetini teklif eder.<\/li>\n<li style=\"text-align: justify;\">Taraflar t\u00fcm \u015fart ve ko\u015fullar\u0131 m\u00fczakere eder ve mutab\u0131k kal\u0131nmas\u0131 halinde, franchisor, franchising s\u00f6zle\u015fmesini a\u015fa\u011f\u0131da belirtilen 3. ek maddedeki kriterlere g\u00f6re haz\u0131rlar.<\/li>\n<li style=\"text-align: justify;\">S\u00f6zle\u015fme imzaland\u0131ktan ve t\u00fcm \u00f6demeler yap\u0131ld\u0131ktan sonra, franchise veren, kahve d\u00fckkan\u0131n\u0131n detayl\u0131 proje tasar\u0131m\u0131n\u0131 franchise alan firmaya g\u00f6nderir ve \u00fcretim s\u00fcreci ba\u015flar.<\/li>\n<li style=\"text-align: justify;\">Bu a\u015famadan sonra Harput Dibek in\u015faat malzemelerini, mek\u00e2n\u0131n mobilyalar\u0131n\u0131 ve dekorasyonunuyla birlikte kurulum i\u00e7in bir ustaba\u015f\u0131n\u0131 franchise alan firmaya teslim eder ve projenin in\u015fas\u0131na ba\u015flar.<\/li>\n<li style=\"text-align: justify;\">Proje tamamland\u0131ktan sonra Harput Dibek firmas\u0131, t\u00fcketim mallar\u0131n\u0131 ve makineleri, cam e\u015fyalar\u0131, kahveleri vb. gibi di\u011fer \u00fcr\u00fcnleri teslim eder ve franchise alan firma \u00e7al\u0131\u015fanlar\u0131n\u0131n yeterlili\u011fini sa\u011flamak amac\u0131yla bir y\u00f6netici g\u00f6revlendirir.<\/li>\n<li style=\"text-align: justify;\">Franchise veren firma son kontrolleri tamamlar, stok takip sisteminin yaz\u0131l\u0131m\u0131n\u0131 kurar ve d\u00fczenlenecek olan a\u00e7\u0131l\u0131\u015f t\u00f6renine kat\u0131l\u0131r.<\/li>\n<li style=\"text-align: justify;\">Franchise veren firma, stok durumuna ve franchise alan firman\u0131n ihtiya\u00e7lar\u0131na ba\u011fl\u0131 olarak 3 veya 6 ay gibi belirli aral\u0131klarla t\u00fcketim mallar\u0131n\u0131 teslim eder.<\/li>\n<li style=\"text-align: justify;\">Franchise alan firma, franchisor taraf\u0131ndan duyurulan yeniliklere g\u00f6re i\u015fletmenin verimlili\u011fini art\u0131racak iyile\u015ftirmeleri yapmak ve i\u015fletmeyi modernize etmek amac\u0131yla sermayeyi zaman i\u00e7erisinde i\u015fletmeye yeniden yat\u0131r\u0131r.<\/li>\n<\/ul>\n<p style=\"text-align: justify;\"><strong>*<\/strong> <em>Franchise alan firman\u0131n \u00fclkesinde bir distrib\u00fct\u00f6r varsa, t\u00fcm s\u00fcre\u00e7 distrib\u00fct\u00f6r taraf\u0131ndan y\u00f6netilecektir.<\/em><\/p>\n<p style=\"text-align: justify;\"><strong>**<\/strong> <em>Kahve d\u00fckk\u00e2n\u0131 i\u00e7in \u00f6nerilen mek\u00e2n alan\u0131 en az 150 m\u00b2 olmal\u0131d\u0131r.<\/em><\/p>\n<p style=\"text-align: justify;\"><strong>***<\/strong> <em>Toplam maliyet ve anla\u015fma ko\u015fullar\u0131, alan, lokasyon, uygunluk, ruhsat, uygunluk ve izinler gibi baz\u0131 k\u0131staslara ba\u011fl\u0131 olarak de\u011fi\u015fiklik g\u00f6sterebilir.<\/em><\/p>\n<p>[\/vc_column_text][vc_empty_space woodmart_hide_large=&#8221;0&#8243; woodmart_hide_medium=&#8221;0&#8243; woodmart_hide_small=&#8221;0&#8243;][\/vc_column][\/vc_row][vc_row][vc_column width=&#8221;1\/3&#8243;]<div id=\"wd-68a98aa28d46c\" class=\" wd-rs-68a98aa28d46c  wd-button-wrapper text-center\"><a href=\"mailto:export@harputdibek.com\" title=\"\" target=\"_blank\" rel=\"nofollow\" class=\"btn btn-color-primary btn-style-default btn-shape-semi-round btn-size-default btn-icon-pos-left\">E-posta G\u00f6nder<span class=\"wd-btn-icon\"><span class=\"wd-icon far fa-envelope\"><\/span><\/span><\/a><\/div>[\/vc_column][vc_column width=&#8221;1\/3&#8243;]<div id=\"wd-68a98ab35d3bb\" class=\" wd-rs-68a98ab35d3bb  wd-button-wrapper text-center\"><a href=\"telto:+905338907441\" title=\"\" target=\"_blank\" rel=\"nofollow\" class=\"btn btn-color-primary btn-style-default btn-shape-semi-round btn-size-default btn-icon-pos-left\">Telefonla Ba\u015fvuru Yap<span class=\"wd-btn-icon\"><span class=\"wd-icon fas fa-phone-alt\"><\/span><\/span><\/a><\/div>[\/vc_column][vc_column width=&#8221;1\/3&#8243;]<div id=\"wd-68a98b02f19a0\" class=\" wd-rs-68a98b02f19a0  wd-button-wrapper text-center\"><a href=\"https:\/\/wa.me\/+905338907441\" title=\"\" target=\"_blank\" rel=\"nofollow noopener\" class=\"btn btn-color-primary btn-style-default btn-shape-semi-round btn-size-default btn-icon-pos-left\">WhatsApp&#039;tan Yaz<span class=\"wd-btn-icon\"><span class=\"wd-icon fab fa-whatsapp\"><\/span><\/span><\/a><\/div>[\/vc_column][\/vc_row][vc_row][vc_column][vc_empty_space woodmart_hide_large=&#8221;0&#8243; woodmart_hide_medium=&#8221;0&#8243; woodmart_hide_small=&#8221;0&#8243;][vc_separator css=&#8221;&#8221; wd_hide_on_desktop=&#8221;no&#8221; wd_hide_on_tablet=&#8221;no&#8221; wd_hide_on_mobile=&#8221;no&#8221;][vc_empty_space woodmart_hide_large=&#8221;0&#8243; woodmart_hide_medium=&#8221;0&#8243; woodmart_hide_small=&#8221;0&#8243;][\/vc_column][\/vc_row][vc_row][vc_column width=&#8221;1\/2&#8243;]\t\t<div id=\"wd-68a7ddbae9108\" class=\"wd-text-block wd-wpb reset-last-child wd-rs-68a7ddbae9108 text-left vc_custom_1755831753660\">\n\t\t\t<p>Sosyal Medyada Bizi Takip Edin<\/p>\n\t\t<\/div>\n\t\t[\/vc_column][vc_column width=&#8221;1\/2&#8243;]\t\t\t<div\n\t\t\t\t\t\tclass=\" wd-rs-68a7ddcc03b90 wd-social-icons  wd-style-colored-alt wd-size-small social-follow wd-shape-circle color-scheme-dark text-right\">\n\t\t\t\t\n\t\t\t\t\n\t\t\t\t\t\t\t\t\t<a rel=\"noopener noreferrer nofollow\" href=\"https:\/\/www.facebook.com\/harputdibekcom\/\" target=\"_blank\" class=\" wd-social-icon social-facebook\" aria-label=\"Facebook social link\">\n\t\t\t\t\t\t<span class=\"wd-icon\"><\/span>\n\t\t\t\t\t\t\t\t\t\t\t<\/a>\n\t\t\t\t\n\t\t\t\t\t\t\t\t\t<a rel=\"noopener noreferrer nofollow\" href=\"https:\/\/x.com\/harputdibekcom\/\" target=\"_blank\" class=\" wd-social-icon social-twitter\" aria-label=\"X social link\">\n\t\t\t\t\t\t<span class=\"wd-icon\"><\/span>\n\t\t\t\t\t\t\t\t\t\t\t<\/a>\n\t\t\t\t\n\t\t\t\t\n\t\t\t\t\n\t\t\t\t\t\t\t\t\t<a rel=\"noopener noreferrer nofollow\" href=\"https:\/\/www.instagram.com\/harputdibekcom\/\" target=\"_blank\" class=\" wd-social-icon social-instagram\" aria-label=\"Instagram social link\">\n\t\t\t\t\t\t<span class=\"wd-icon\"><\/span>\n\t\t\t\t\t\t\t\t\t\t\t<\/a>\n\t\t\t\t\n\t\t\t\t\n\t\t\t\t\t\t\t\t\t<a rel=\"noopener noreferrer nofollow\" href=\"https:\/\/www.youtube.com\/c\/harputdibek\" target=\"_blank\" class=\" wd-social-icon social-youtube\" aria-label=\"YouTube social link\">\n\t\t\t\t\t\t<span class=\"wd-icon\"><\/span>\n\t\t\t\t\t\t\t\t\t\t\t<\/a>\n\t\t\t\t\n\t\t\t\t\n\t\t\t\t\n\t\t\t\t\t\t\t\t\t<a rel=\"noopener noreferrer nofollow\" href=\"https:\/\/www.linkedin.com\/company\/harputdibek\" target=\"_blank\" class=\" wd-social-icon social-linkedin\" aria-label=\"Linkedin social link\">\n\t\t\t\t\t\t<span class=\"wd-icon\"><\/span>\n\t\t\t\t\t\t\t\t\t\t\t<\/a>\n\t\t\t\t\n\t\t\t\t\n\t\t\t\t\n\t\t\t\t\n\t\t\t\t\n\t\t\t\t\n\t\t\t\t\n\t\t\t\t\n\t\t\t\t\n\t\t\t\t\t\t\t\t\t<a rel=\"noopener noreferrer nofollow\" href=\"https:\/\/wa.me\/+908503050385\" target=\"_blank\" class=\"wd-hide-md  wd-social-icon social-whatsapp\" aria-label=\"WhatsApp social link\">\n\t\t\t\t\t\t<span class=\"wd-icon\"><\/span>\n\t\t\t\t\t\t\t\t\t\t\t<\/a>\n\n\t\t\t\t\t<a rel=\"noopener noreferrer nofollow\" href=\"https:\/\/wa.me\/+908503050385\" target=\"_blank\" class=\"wd-hide-lg  wd-social-icon social-whatsapp\" aria-label=\"WhatsApp social link\">\n\t\t\t\t\t\t<span class=\"wd-icon\"><\/span>\n\t\t\t\t\t\t\t\t\t\t\t<\/a>\n\t\t\t\t\n\t\t\t\t\n\t\t\t\t\n\t\t\t\t\n\t\t\t\t\n\t\t\t\t\n\t\t\t\t\n\t\t\t\t\n\t\t\t<\/div>\n\n\t\t[\/vc_column][\/vc_row]<\/p>\n<\/div>","protected":false},"excerpt":{"rendered":"<p>[vc_row][vc_column][\/vc_column][\/vc_row][vc_row][vc_column][vc_column_text css=&#8221;&#8221; woodmart_inline=&#8221;no&#8221; text_larger=&#8221;no&#8221;]Geleneksel T\u00fcrk kahve miras\u0131n\u0131 k\u00fcresel anlamda daha \u00e7ok insana ula\u015ft\u0131rmay\u0131 kendisine ilke edinen Harput Dibek firmas\u0131, yurt<\/p>\n","protected":false},"author":1,"featured_media":0,"parent":0,"menu_order":0,"comment_status":"closed","ping_status":"closed","template":"","meta":{"footnotes":""},"class_list":["post-10691","page","type-page","status-publish","hentry"],"jetpack_sharing_enabled":true,"_links":{"self":[{"href":"https:\/\/www.harputdibek.com\/en\/wp-json\/wp\/v2\/pages\/10691","targetHints":{"allow":["GET"]}}],"collection":[{"href":"https:\/\/www.harputdibek.com\/en\/wp-json\/wp\/v2\/pages"}],"about":[{"href":"https:\/\/www.harputdibek.com\/en\/wp-json\/wp\/v2\/types\/page"}],"author":[{"embeddable":true,"href":"https:\/\/www.harputdibek.com\/en\/wp-json\/wp\/v2\/users\/1"}],"replies":[{"embeddable":true,"href":"https:\/\/www.harputdibek.com\/en\/wp-json\/wp\/v2\/comments?post=10691"}],"version-history":[{"count":6,"href":"https:\/\/www.harputdibek.com\/en\/wp-json\/wp\/v2\/pages\/10691\/revisions"}],"predecessor-version":[{"id":10697,"href":"https:\/\/www.harputdibek.com\/en\/wp-json\/wp\/v2\/pages\/10691\/revisions\/10697"}],"wp:attachment":[{"href":"https:\/\/www.harputdibek.com\/en\/wp-json\/wp\/v2\/media?parent=10691"}],"curies":[{"name":"wp","href":"https:\/\/api.w.org\/{rel}","templated":true}]}}