{"id":10678,"date":"2025-08-23T11:45:16","date_gmt":"2025-08-23T08:45:16","guid":{"rendered":"https:\/\/www.harputdibek.com\/en\/?page_id=10678"},"modified":"2025-09-02T13:03:38","modified_gmt":"2025-09-02T10:03:38","slug":"franchise-bayilik-sistemi","status":"publish","type":"page","link":"https:\/\/www.harputdibek.com\/en\/franchise-bayilik-sistemi\/","title":{"rendered":"Franchise Bayilik Sistemi"},"content":{"rendered":"<div class=\"wpb-content-wrapper\"><p>[vc_row][vc_column]\n\t\t<div id=\"wd-68a97f5a3a732\" class=\"title-wrapper wd-wpb wd-set-mb reset-last-child  wd-rs-68a97f5a3a732 wd-title-color-primary wd-title-style-default text-left vc_custom_1755938662181 wd-underline-colored\">\n\t\t\t\t\t\t\t\n\t\t\t\t<div class=\"title-subtitle  subtitle-color-primary font-default subtitle-style-default wd-font-weight-600 wd-fontsize-xs\">HARPUT KAHVE SAN. T\u0130C. LTD. \u015eT\u0130.<\/div>\n\t\t\t\n\t\t\t<div class=\"liner-continer\">\n\t\t\t\t<h4 class=\"woodmart-title-container title  wd-font-weight- wd-fontsize-xxl\" >Franchise Bayilik Sistemi<\/h4>\n\t\t\t\t\t\t\t<\/div>\n\t\t\t\n\t\t\t\n\t\t\t\n\t\t<\/div>\n\t\t\n\t\t[\/vc_column][\/vc_row][vc_row][vc_column][vc_column_text css=&#8221;&#8221; woodmart_inline=&#8221;no&#8221; text_larger=&#8221;no&#8221;]<\/p>\n<p style=\"text-align: justify;\"><img loading=\"lazy\" decoding=\"async\" class=\"alignleft wp-image-67523\" src=\"https:\/\/www.harputdibek.com\/en\/wp-content\/uploads\/2025\/08\/harput_dibek_coffee_shop-794x800.png\" alt=\"\" width=\"400\" height=\"403\" title=\"\" srcset=\"https:\/\/www.harputdibek.com\/en\/wp-content\/uploads\/2025\/08\/harput_dibek_coffee_shop-794x800.png 794w, https:\/\/www.harputdibek.com\/en\/wp-content\/uploads\/2025\/08\/harput_dibek_coffee_shop-298x300.png 298w, https:\/\/www.harputdibek.com\/en\/wp-content\/uploads\/2025\/08\/harput_dibek_coffee_shop-150x151.png 150w, https:\/\/www.harputdibek.com\/en\/wp-content\/uploads\/2025\/08\/harput_dibek_coffee_shop-768x774.png 768w, https:\/\/www.harputdibek.com\/en\/wp-content\/uploads\/2025\/08\/harput_dibek_coffee_shop-430x433.png 430w, https:\/\/www.harputdibek.com\/en\/wp-content\/uploads\/2025\/08\/harput_dibek_coffee_shop-700x705.png 700w, https:\/\/www.harputdibek.com\/en\/wp-content\/uploads\/2025\/08\/harput_dibek_coffee_shop.png 971w\" sizes=\"auto, (max-width: 400px) 100vw, 400px\" \/>Kahve, sadece bir i\u00e7ecek de\u011fil; ge\u00e7mi\u015fle bug\u00fcn\u00fc bulu\u015fturan bir k\u00fclt\u00fcr k\u00f6pr\u00fcs\u00fcd\u00fcr. Her yudumunda tarih, sohbet ve dostluk gizlidir. Kahve, d\u00fcnya genelinde en \u00e7ok t\u00fcketilen i\u00e7eceklerden biridir ve k\u00f6keni y\u00fczy\u0131llar \u00f6ncesine, Etiyopya\u2019n\u0131n y\u00fcksek yaylalar\u0131na kadar uzan\u0131r. Rivayete g\u00f6re, 9. y\u00fczy\u0131lda ya\u015fayan bir \u00e7oban olan Kaldi, ke\u00e7ilerinin kahve meyvesini yedikten sonra daha enerjik davrand\u0131\u011f\u0131n\u0131 fark etti. Bu ke\u015fif, zamanla Arap Yar\u0131madas\u0131\u2019na yay\u0131ld\u0131 ve \u00f6zellikle Yemen\u2019de 15. y\u00fczy\u0131lda Sufi tarikatlar\u0131 taraf\u0131ndan zihin a\u00e7\u0131kl\u0131\u011f\u0131 sa\u011flamak i\u00e7in kullan\u0131lmaya ba\u015fland\u0131. 16. y\u00fczy\u0131lda kahve Osmanl\u0131 topraklar\u0131na ula\u015ft\u0131 ve k\u0131sa s\u00fcrede saray mutfa\u011f\u0131nda yer ald\u0131. \u0130stanbul\u2019da ilk kahvehane 1554 y\u0131l\u0131nda a\u00e7\u0131ld\u0131 ve kahve, sosyal ya\u015fam\u0131n merkezinde yer alan bir i\u00e7ecek haline geldi. 17. y\u00fczy\u0131lda kahve Avrupa\u2019ya ta\u015f\u0131nd\u0131, ard\u0131ndan Amerika k\u0131tas\u0131na yay\u0131ld\u0131 ve g\u00fcn\u00fcm\u00fczde k\u00fcresel bir i\u00e7ecek halini ald\u0131.<\/p>\n<p style=\"text-align: justify;\">Zor \u015fartlarda yeti\u015fen bir meyve \u00e7ekirde\u011finin i\u015flenip kavrularak binlerce t\u00fcrde i\u00e7ecek haline getirilmesi ve bu i\u00e7eceklerin de her insana g\u00f6re \u00f6nemli bir anlama gelmesi ya da unutulmaz bir an\u0131 olabilmesi i\u00e7in yat\u0131r\u0131mlar\u0131n\u0131zla sizi de ailemizin \u00f6nemli bir \u00fcyesi olmaya davet ediyoruz.<\/p>\n<p style=\"text-align: justify;\">Esnek yat\u0131r\u0131m modellerimiz, T\u00fcrkiye ve D\u00fcnya\u2019da bulunan bir\u00e7ok markaya esin kayna\u011f\u0131 olmaya devam ederken yat\u0131r\u0131mc\u0131lar\u0131m\u0131z ile m\u00fc\u015fterilerimizin Harput Dibek \/ Harput Kahve denildi\u011finde mutlu ve memnun olmas\u0131 bizlere ziyadesiyle onur kayna\u011f\u0131 olmu\u015ftur. AVM kiosk ve stant sat\u0131\u015f tekni\u011fi ile ba\u015flad\u0131\u011f\u0131m\u0131z bu zorlu yolda \u015fimdi yenilik\u00e7i, \u00f6zg\u00fcn, bol kazan\u00e7l\u0131 gelir modelimiz olan Self Servis Coffee Shop sayesinde d\u00fcnya standartlar\u0131nda d\u00f6rd\u00fcnc\u00fc hatta be\u015finci dalga kahvecilik anlay\u0131\u015f\u0131yla yolumuza devam ediyoruz. Bu yolu bizler i\u00e7in ayd\u0131nlatan ve eme\u011fi ge\u00e7en herkese \u015f\u00fckranlar\u0131m\u0131z\u0131 sunuyoruz.<\/p>\n<p>[\/vc_column_text][vc_empty_space woodmart_hide_large=&#8221;0&#8243; woodmart_hide_medium=&#8221;0&#8243; woodmart_hide_small=&#8221;0&#8243;][\/vc_column][\/vc_row][vc_row][vc_column]\n\t\t<div id=\"wd-68a983653cb7b\" class=\"title-wrapper wd-wpb wd-set-mb reset-last-child  wd-rs-68a983653cb7b wd-title-color-primary wd-title-style-default text-left vc_custom_1755939690301 wd-underline-colored\">\n\t\t\t\n\t\t\t<div class=\"liner-continer\">\n\t\t\t\t<h3 class=\"woodmart-title-container title  wd-font-weight- wd-fontsize-xl\" >Kiosk Modellerimiz<\/h3>\n\t\t\t\t\t\t\t<\/div>\n\t\t\t\n\t\t\t\n\t\t\t\n\t\t<\/div>\n\t\t\n\t\t[\/vc_column][\/vc_row][vc_row][vc_column width=&#8221;1\/2&#8243;]\t\t<div id=\"wd-68ae3c5c15b2d\" class=\"wd-image wd-wpb wd-rs-68ae3c5c15b2d text-center  photoswipe-images\">\n\t\t\t\t\t\t\t<a href=\"https:\/\/www.harputdibek.com\/en\/wp-content\/uploads\/2025\/08\/kiosk2-600x337.jpg\"  data-width=\"600\" data-height=\"337\">\n\t\t\t\n\t\t\t<img loading=\"lazy\" decoding=\"async\" width=\"600\" height=\"337\" src=\"https:\/\/www.harputdibek.com\/en\/wp-content\/uploads\/2025\/08\/kiosk2-600x337.jpg\" class=\"attachment-600x337 size-600x337\" alt=\"\" srcset=\"https:\/\/www.harputdibek.com\/en\/wp-content\/uploads\/2025\/08\/kiosk2-600x337.jpg 600w, https:\/\/www.harputdibek.com\/en\/wp-content\/uploads\/2025\/08\/kiosk2-400x225.jpg 400w, https:\/\/www.harputdibek.com\/en\/wp-content\/uploads\/2025\/08\/kiosk2-1300x731.jpg 1300w, https:\/\/www.harputdibek.com\/en\/wp-content\/uploads\/2025\/08\/kiosk2-768x432.jpg 768w, https:\/\/www.harputdibek.com\/en\/wp-content\/uploads\/2025\/08\/kiosk2-430x242.jpg 430w, https:\/\/www.harputdibek.com\/en\/wp-content\/uploads\/2025\/08\/kiosk2-700x394.jpg 700w, https:\/\/www.harputdibek.com\/en\/wp-content\/uploads\/2025\/08\/kiosk2-150x84.jpg 150w, https:\/\/www.harputdibek.com\/en\/wp-content\/uploads\/2025\/08\/kiosk2.jpg 1366w\" sizes=\"auto, (max-width: 600px) 100vw, 600px\" title=\"\">\n\t\t\t\t\t\t\t<\/a>\n\t\t\t\t\t<\/div>\n\t\t[vc_empty_space woodmart_hide_large=&#8221;0&#8243; woodmart_hide_medium=&#8221;0&#8243; woodmart_hide_small=&#8221;0&#8243;][\/vc_column][vc_column width=&#8221;1\/2&#8243;]\t\t<div id=\"wd-68ae3cb36372f\" class=\"wd-image wd-wpb wd-rs-68ae3cb36372f text-center  photoswipe-images\">\n\t\t\t\t\t\t\t<a href=\"https:\/\/www.harputdibek.com\/en\/wp-content\/uploads\/2025\/08\/kiosk1-600x337.jpg\"  data-width=\"600\" data-height=\"337\">\n\t\t\t\n\t\t\t<img loading=\"lazy\" decoding=\"async\" width=\"600\" height=\"337\" src=\"https:\/\/www.harputdibek.com\/en\/wp-content\/uploads\/2025\/08\/kiosk1-600x337.jpg\" class=\"attachment-600x337 size-600x337\" alt=\"\" srcset=\"https:\/\/www.harputdibek.com\/en\/wp-content\/uploads\/2025\/08\/kiosk1-600x337.jpg 600w, https:\/\/www.harputdibek.com\/en\/wp-content\/uploads\/2025\/08\/kiosk1-400x225.jpg 400w, https:\/\/www.harputdibek.com\/en\/wp-content\/uploads\/2025\/08\/kiosk1-1300x731.jpg 1300w, https:\/\/www.harputdibek.com\/en\/wp-content\/uploads\/2025\/08\/kiosk1-768x432.jpg 768w, https:\/\/www.harputdibek.com\/en\/wp-content\/uploads\/2025\/08\/kiosk1-430x242.jpg 430w, https:\/\/www.harputdibek.com\/en\/wp-content\/uploads\/2025\/08\/kiosk1-700x394.jpg 700w, https:\/\/www.harputdibek.com\/en\/wp-content\/uploads\/2025\/08\/kiosk1-150x84.jpg 150w, https:\/\/www.harputdibek.com\/en\/wp-content\/uploads\/2025\/08\/kiosk1.jpg 1366w\" sizes=\"auto, (max-width: 600px) 100vw, 600px\" title=\"\">\n\t\t\t\t\t\t\t<\/a>\n\t\t\t\t\t<\/div>\n\t\t[vc_empty_space woodmart_hide_large=&#8221;0&#8243; woodmart_hide_medium=&#8221;0&#8243; woodmart_hide_small=&#8221;0&#8243;][\/vc_column][\/vc_row][vc_row][vc_column]\n\t\t<div id=\"wd-68a9836d3a420\" class=\"title-wrapper wd-wpb wd-set-mb reset-last-child  wd-rs-68a9836d3a420 wd-title-color-primary wd-title-style-default text-left vc_custom_1755939696927 wd-underline-colored\">\n\t\t\t\n\t\t\t<div class=\"liner-continer\">\n\t\t\t\t<h3 class=\"woodmart-title-container title  wd-font-weight- wd-fontsize-xl\" >Akaryak\u0131t \u0130stasyonu Al G\u00f6t\u00fcr Sat\u0131\u015f Noktas\u0131<\/h3>\n\t\t\t\t\t\t\t<\/div>\n\t\t\t\n\t\t\t\n\t\t\t\n\t\t<\/div>\n\t\t\n\t\t[\/vc_column][\/vc_row][vc_row][vc_column width=&#8221;1\/2&#8243;]\t\t<div id=\"wd-68ae3cf601678\" class=\"wd-image wd-wpb wd-rs-68ae3cf601678 text-center  photoswipe-images\">\n\t\t\t\t\t\t\t<a href=\"https:\/\/www.harputdibek.com\/en\/wp-content\/uploads\/2025\/08\/ai_al_gotur-600x337.jpg\"  data-width=\"600\" data-height=\"337\">\n\t\t\t\n\t\t\t<img loading=\"lazy\" decoding=\"async\" width=\"600\" height=\"337\" src=\"https:\/\/www.harputdibek.com\/en\/wp-content\/uploads\/2025\/08\/ai_al_gotur-600x337.jpg\" class=\"attachment-600x337 size-600x337\" alt=\"\" srcset=\"https:\/\/www.harputdibek.com\/en\/wp-content\/uploads\/2025\/08\/ai_al_gotur-600x337.jpg 600w, https:\/\/www.harputdibek.com\/en\/wp-content\/uploads\/2025\/08\/ai_al_gotur-400x225.jpg 400w, https:\/\/www.harputdibek.com\/en\/wp-content\/uploads\/2025\/08\/ai_al_gotur-1300x731.jpg 1300w, https:\/\/www.harputdibek.com\/en\/wp-content\/uploads\/2025\/08\/ai_al_gotur-768x432.jpg 768w, https:\/\/www.harputdibek.com\/en\/wp-content\/uploads\/2025\/08\/ai_al_gotur-430x242.jpg 430w, https:\/\/www.harputdibek.com\/en\/wp-content\/uploads\/2025\/08\/ai_al_gotur-700x394.jpg 700w, https:\/\/www.harputdibek.com\/en\/wp-content\/uploads\/2025\/08\/ai_al_gotur-150x84.jpg 150w, https:\/\/www.harputdibek.com\/en\/wp-content\/uploads\/2025\/08\/ai_al_gotur.jpg 1366w\" sizes=\"auto, (max-width: 600px) 100vw, 600px\" title=\"\">\n\t\t\t\t\t\t\t<\/a>\n\t\t\t\t\t<\/div>\n\t\t[vc_empty_space woodmart_hide_large=&#8221;0&#8243; woodmart_hide_medium=&#8221;0&#8243; woodmart_hide_small=&#8221;0&#8243;][\/vc_column][vc_column width=&#8221;1\/2&#8243;]\t\t<div id=\"wd-68ae3d3d2b2f7\" class=\"wd-image wd-wpb wd-rs-68ae3d3d2b2f7 text-center  photoswipe-images\">\n\t\t\t\t\t\t\t<a href=\"https:\/\/www.harputdibek.com\/en\/wp-content\/uploads\/2025\/08\/ai_al_gotur2-600x337.jpg\"  data-width=\"600\" data-height=\"337\">\n\t\t\t\n\t\t\t<img loading=\"lazy\" decoding=\"async\" width=\"600\" height=\"337\" src=\"https:\/\/www.harputdibek.com\/en\/wp-content\/uploads\/2025\/08\/ai_al_gotur2-600x337.jpg\" class=\"attachment-600x337 size-600x337\" alt=\"\" srcset=\"https:\/\/www.harputdibek.com\/en\/wp-content\/uploads\/2025\/08\/ai_al_gotur2-600x337.jpg 600w, https:\/\/www.harputdibek.com\/en\/wp-content\/uploads\/2025\/08\/ai_al_gotur2-400x225.jpg 400w, https:\/\/www.harputdibek.com\/en\/wp-content\/uploads\/2025\/08\/ai_al_gotur2-1300x731.jpg 1300w, https:\/\/www.harputdibek.com\/en\/wp-content\/uploads\/2025\/08\/ai_al_gotur2-768x432.jpg 768w, https:\/\/www.harputdibek.com\/en\/wp-content\/uploads\/2025\/08\/ai_al_gotur2-430x242.jpg 430w, https:\/\/www.harputdibek.com\/en\/wp-content\/uploads\/2025\/08\/ai_al_gotur2-700x394.jpg 700w, https:\/\/www.harputdibek.com\/en\/wp-content\/uploads\/2025\/08\/ai_al_gotur2-150x84.jpg 150w, https:\/\/www.harputdibek.com\/en\/wp-content\/uploads\/2025\/08\/ai_al_gotur2.jpg 1366w\" sizes=\"auto, (max-width: 600px) 100vw, 600px\" title=\"\">\n\t\t\t\t\t\t\t<\/a>\n\t\t\t\t\t<\/div>\n\t\t[vc_empty_space woodmart_hide_large=&#8221;0&#8243; woodmart_hide_medium=&#8221;0&#8243; woodmart_hide_small=&#8221;0&#8243;][\/vc_column][\/vc_row][vc_row][vc_column]\n\t\t<div id=\"wd-68a9837b31375\" class=\"title-wrapper wd-wpb wd-set-mb reset-last-child  wd-rs-68a9837b31375 wd-title-color-primary wd-title-style-default text-left vc_custom_1755939711399 wd-underline-colored\">\n\t\t\t\n\t\t\t<div class=\"liner-continer\">\n\t\t\t\t<h3 class=\"woodmart-title-container title  wd-font-weight- wd-fontsize-xl\" >Coffee Shop Harput Dibek<\/h3>\n\t\t\t\t\t\t\t<\/div>\n\t\t\t\n\t\t\t\n\t\t\t\n\t\t<\/div>\n\t\t\n\t\t[\/vc_column][\/vc_row][vc_row][vc_column width=&#8221;1\/3&#8243;]\t\t<div id=\"wd-68ae3d9ab9db1\" class=\"wd-image wd-wpb wd-rs-68ae3d9ab9db1 text-center  photoswipe-images\">\n\t\t\t\t\t\t\t<a href=\"https:\/\/www.harputdibek.com\/en\/wp-content\/uploads\/2025\/08\/cs1.jpg\"  data-width=\"1366\" data-height=\"768\">\n\t\t\t\n\t\t\t<img loading=\"lazy\" decoding=\"async\" width=\"400\" height=\"225\" src=\"https:\/\/www.harputdibek.com\/en\/wp-content\/uploads\/2025\/08\/cs1-400x225.jpg\" class=\"attachment-400x225 size-400x225\" alt=\"\" srcset=\"https:\/\/www.harputdibek.com\/en\/wp-content\/uploads\/2025\/08\/cs1-400x225.jpg 400w, https:\/\/www.harputdibek.com\/en\/wp-content\/uploads\/2025\/08\/cs1-1300x731.jpg 1300w, https:\/\/www.harputdibek.com\/en\/wp-content\/uploads\/2025\/08\/cs1-768x432.jpg 768w, https:\/\/www.harputdibek.com\/en\/wp-content\/uploads\/2025\/08\/cs1-430x242.jpg 430w, https:\/\/www.harputdibek.com\/en\/wp-content\/uploads\/2025\/08\/cs1-700x394.jpg 700w, https:\/\/www.harputdibek.com\/en\/wp-content\/uploads\/2025\/08\/cs1-150x84.jpg 150w, https:\/\/www.harputdibek.com\/en\/wp-content\/uploads\/2025\/08\/cs1.jpg 1366w\" sizes=\"auto, (max-width: 400px) 100vw, 400px\" title=\"\">\n\t\t\t\t\t\t\t<\/a>\n\t\t\t\t\t<\/div>\n\t\t[vc_empty_space woodmart_hide_large=&#8221;0&#8243; woodmart_hide_medium=&#8221;0&#8243; woodmart_hide_small=&#8221;0&#8243;][\/vc_column][vc_column width=&#8221;1\/3&#8243;]\t\t<div id=\"wd-68ae3dd208add\" class=\"wd-image wd-wpb wd-rs-68ae3dd208add text-center  photoswipe-images\">\n\t\t\t\t\t\t\t<a href=\"https:\/\/www.harputdibek.com\/en\/wp-content\/uploads\/2025\/08\/cs2.jpg\"  data-width=\"1366\" data-height=\"768\">\n\t\t\t\n\t\t\t<img loading=\"lazy\" decoding=\"async\" width=\"400\" height=\"225\" src=\"https:\/\/www.harputdibek.com\/en\/wp-content\/uploads\/2025\/08\/cs2-400x225.jpg\" class=\"attachment-400x225 size-400x225\" alt=\"\" srcset=\"https:\/\/www.harputdibek.com\/en\/wp-content\/uploads\/2025\/08\/cs2-400x225.jpg 400w, https:\/\/www.harputdibek.com\/en\/wp-content\/uploads\/2025\/08\/cs2-1300x731.jpg 1300w, https:\/\/www.harputdibek.com\/en\/wp-content\/uploads\/2025\/08\/cs2-768x432.jpg 768w, https:\/\/www.harputdibek.com\/en\/wp-content\/uploads\/2025\/08\/cs2-430x242.jpg 430w, https:\/\/www.harputdibek.com\/en\/wp-content\/uploads\/2025\/08\/cs2-700x394.jpg 700w, https:\/\/www.harputdibek.com\/en\/wp-content\/uploads\/2025\/08\/cs2-150x84.jpg 150w, https:\/\/www.harputdibek.com\/en\/wp-content\/uploads\/2025\/08\/cs2.jpg 1366w\" sizes=\"auto, (max-width: 400px) 100vw, 400px\" title=\"\">\n\t\t\t\t\t\t\t<\/a>\n\t\t\t\t\t<\/div>\n\t\t[vc_empty_space woodmart_hide_large=&#8221;0&#8243; woodmart_hide_medium=&#8221;0&#8243; woodmart_hide_small=&#8221;0&#8243;][\/vc_column][vc_column width=&#8221;1\/3&#8243;]\t\t<div id=\"wd-68ae3dde35196\" class=\"wd-image wd-wpb wd-rs-68ae3dde35196 text-center  photoswipe-images\">\n\t\t\t\t\t\t\t<a href=\"https:\/\/www.harputdibek.com\/en\/wp-content\/uploads\/2025\/08\/cs3.jpg\"  data-width=\"1366\" data-height=\"768\">\n\t\t\t\n\t\t\t<img loading=\"lazy\" decoding=\"async\" width=\"400\" height=\"225\" src=\"https:\/\/www.harputdibek.com\/en\/wp-content\/uploads\/2025\/08\/cs3-400x225.jpg\" class=\"attachment-400x225 size-400x225\" alt=\"\" srcset=\"https:\/\/www.harputdibek.com\/en\/wp-content\/uploads\/2025\/08\/cs3-400x225.jpg 400w, https:\/\/www.harputdibek.com\/en\/wp-content\/uploads\/2025\/08\/cs3-1300x731.jpg 1300w, https:\/\/www.harputdibek.com\/en\/wp-content\/uploads\/2025\/08\/cs3-768x432.jpg 768w, https:\/\/www.harputdibek.com\/en\/wp-content\/uploads\/2025\/08\/cs3-430x242.jpg 430w, https:\/\/www.harputdibek.com\/en\/wp-content\/uploads\/2025\/08\/cs3-700x394.jpg 700w, https:\/\/www.harputdibek.com\/en\/wp-content\/uploads\/2025\/08\/cs3-150x84.jpg 150w, https:\/\/www.harputdibek.com\/en\/wp-content\/uploads\/2025\/08\/cs3.jpg 1366w\" sizes=\"auto, (max-width: 400px) 100vw, 400px\" title=\"\">\n\t\t\t\t\t\t\t<\/a>\n\t\t\t\t\t<\/div>\n\t\t[vc_empty_space woodmart_hide_large=&#8221;0&#8243; woodmart_hide_medium=&#8221;0&#8243; woodmart_hide_small=&#8221;0&#8243;][\/vc_column][\/vc_row][vc_row][vc_column][vc_empty_space woodmart_hide_large=&#8221;0&#8243; woodmart_hide_medium=&#8221;0&#8243; woodmart_hide_small=&#8221;0&#8243;][\/vc_column][\/vc_row][vc_row][vc_column width=&#8221;1\/3&#8243;]<div id=\"wd-68a9883c8abbb\" class=\" wd-rs-68a9883c8abbb  wd-button-wrapper text-center\"><a href=\"mailto:bayilik@harputdibek.com\" title=\"\" target=\"_blank\" rel=\"nofollow\" class=\"btn btn-color-primary btn-style-default btn-shape-semi-round btn-size-default btn-icon-pos-left\">E-posta G\u00f6nder<span class=\"wd-btn-icon\"><span class=\"wd-icon far fa-envelope\"><\/span><\/span><\/a><\/div>[\/vc_column][vc_column width=&#8221;1\/3&#8243;]<div id=\"wd-68a9884a4c708\" class=\" wd-rs-68a9884a4c708  wd-button-wrapper text-center\"><a href=\"telto:+908503050385\" title=\"\" target=\"_blank\" rel=\"nofollow\" class=\"btn btn-color-primary btn-style-default btn-shape-semi-round btn-size-default btn-icon-pos-left\">Telefonla Ba\u015fvuru Yap<span class=\"wd-btn-icon\"><span class=\"wd-icon fas fa-phone-alt\"><\/span><\/span><\/a><\/div>[\/vc_column][vc_column width=&#8221;1\/3&#8243;]<div id=\"wd-68a9885ac6020\" class=\" wd-rs-68a9885ac6020  wd-button-wrapper text-center\"><a href=\"https:\/\/wa.me\/+908503050385\" title=\"\" target=\"_blank\" rel=\"nofollow noopener\" class=\"btn btn-color-primary btn-style-default btn-shape-semi-round btn-size-default btn-icon-pos-left\">WhatsApp&#039;tan Yaz<span class=\"wd-btn-icon\"><span class=\"wd-icon fab fa-whatsapp\"><\/span><\/span><\/a><\/div>[\/vc_column][\/vc_row][vc_row][vc_column][vc_empty_space woodmart_hide_large=&#8221;0&#8243; woodmart_hide_medium=&#8221;0&#8243; woodmart_hide_small=&#8221;0&#8243;][vc_separator css=&#8221;&#8221; wd_hide_on_desktop=&#8221;no&#8221; wd_hide_on_tablet=&#8221;no&#8221; wd_hide_on_mobile=&#8221;no&#8221;][vc_empty_space woodmart_hide_large=&#8221;0&#8243; woodmart_hide_medium=&#8221;0&#8243; woodmart_hide_small=&#8221;0&#8243;][\/vc_column][\/vc_row][vc_row][vc_column width=&#8221;1\/2&#8243;]\t\t<div id=\"wd-68a7ddbae9108\" class=\"wd-text-block wd-wpb reset-last-child wd-rs-68a7ddbae9108 text-left vc_custom_1755831753660\">\n\t\t\t<p>Sosyal Medyada Bizi Takip Edin<\/p>\n\t\t<\/div>\n\t\t[\/vc_column][vc_column width=&#8221;1\/2&#8243;]\t\t\t<div\n\t\t\t\t\t\tclass=\" wd-rs-68a7ddcc03b90 wd-social-icons  wd-style-colored-alt wd-size-small social-follow wd-shape-circle color-scheme-dark text-right\">\n\t\t\t\t\n\t\t\t\t\n\t\t\t\t\t\t\t\t\t<a rel=\"noopener noreferrer nofollow\" href=\"https:\/\/www.facebook.com\/harputdibekcom\/\" target=\"_blank\" class=\" wd-social-icon social-facebook\" aria-label=\"Facebook social link\">\n\t\t\t\t\t\t<span class=\"wd-icon\"><\/span>\n\t\t\t\t\t\t\t\t\t\t\t<\/a>\n\t\t\t\t\n\t\t\t\t\t\t\t\t\t<a rel=\"noopener noreferrer nofollow\" href=\"https:\/\/x.com\/harputdibekcom\/\" target=\"_blank\" class=\" wd-social-icon social-twitter\" aria-label=\"X social link\">\n\t\t\t\t\t\t<span class=\"wd-icon\"><\/span>\n\t\t\t\t\t\t\t\t\t\t\t<\/a>\n\t\t\t\t\n\t\t\t\t\n\t\t\t\t\n\t\t\t\t\t\t\t\t\t<a rel=\"noopener noreferrer nofollow\" href=\"https:\/\/www.instagram.com\/harputdibekcom\/\" target=\"_blank\" class=\" wd-social-icon social-instagram\" aria-label=\"Instagram social link\">\n\t\t\t\t\t\t<span class=\"wd-icon\"><\/span>\n\t\t\t\t\t\t\t\t\t\t\t<\/a>\n\t\t\t\t\n\t\t\t\t\n\t\t\t\t\t\t\t\t\t<a rel=\"noopener noreferrer nofollow\" href=\"https:\/\/www.youtube.com\/c\/harputdibek\" target=\"_blank\" class=\" wd-social-icon social-youtube\" aria-label=\"YouTube social link\">\n\t\t\t\t\t\t<span class=\"wd-icon\"><\/span>\n\t\t\t\t\t\t\t\t\t\t\t<\/a>\n\t\t\t\t\n\t\t\t\t\n\t\t\t\t\n\t\t\t\t\t\t\t\t\t<a rel=\"noopener noreferrer nofollow\" href=\"https:\/\/www.linkedin.com\/company\/harputdibek\" target=\"_blank\" class=\" wd-social-icon social-linkedin\" aria-label=\"Linkedin social link\">\n\t\t\t\t\t\t<span class=\"wd-icon\"><\/span>\n\t\t\t\t\t\t\t\t\t\t\t<\/a>\n\t\t\t\t\n\t\t\t\t\n\t\t\t\t\n\t\t\t\t\n\t\t\t\t\n\t\t\t\t\n\t\t\t\t\n\t\t\t\t\n\t\t\t\t\n\t\t\t\t\t\t\t\t\t<a rel=\"noopener noreferrer nofollow\" href=\"https:\/\/wa.me\/+908503050385\" target=\"_blank\" class=\"wd-hide-md  wd-social-icon social-whatsapp\" aria-label=\"WhatsApp social link\">\n\t\t\t\t\t\t<span class=\"wd-icon\"><\/span>\n\t\t\t\t\t\t\t\t\t\t\t<\/a>\n\n\t\t\t\t\t<a rel=\"noopener noreferrer nofollow\" href=\"https:\/\/wa.me\/+908503050385\" target=\"_blank\" class=\"wd-hide-lg  wd-social-icon social-whatsapp\" aria-label=\"WhatsApp social link\">\n\t\t\t\t\t\t<span class=\"wd-icon\"><\/span>\n\t\t\t\t\t\t\t\t\t\t\t<\/a>\n\t\t\t\t\n\t\t\t\t\n\t\t\t\t\n\t\t\t\t\n\t\t\t\t\n\t\t\t\t\n\t\t\t\t\n\t\t\t\t\n\t\t\t<\/div>\n\n\t\t[\/vc_column][\/vc_row]<\/p>\n<\/div>","protected":false},"excerpt":{"rendered":"<p>[vc_row][vc_column][\/vc_column][\/vc_row][vc_row][vc_column][vc_column_text css=&#8221;&#8221; woodmart_inline=&#8221;no&#8221; text_larger=&#8221;no&#8221;] Kahve, sadece bir i\u00e7ecek de\u011fil; ge\u00e7mi\u015fle bug\u00fcn\u00fc bulu\u015fturan bir k\u00fclt\u00fcr k\u00f6pr\u00fcs\u00fcd\u00fcr. Her yudumunda tarih, sohbet ve<\/p>\n","protected":false},"author":1,"featured_media":0,"parent":0,"menu_order":0,"comment_status":"closed","ping_status":"closed","template":"","meta":{"footnotes":""},"class_list":["post-10678","page","type-page","status-publish","hentry"],"jetpack_sharing_enabled":true,"_links":{"self":[{"href":"https:\/\/www.harputdibek.com\/en\/wp-json\/wp\/v2\/pages\/10678","targetHints":{"allow":["GET"]}}],"collection":[{"href":"https:\/\/www.harputdibek.com\/en\/wp-json\/wp\/v2\/pages"}],"about":[{"href":"https:\/\/www.harputdibek.com\/en\/wp-json\/wp\/v2\/types\/page"}],"author":[{"embeddable":true,"href":"https:\/\/www.harputdibek.com\/en\/wp-json\/wp\/v2\/users\/1"}],"replies":[{"embeddable":true,"href":"https:\/\/www.harputdibek.com\/en\/wp-json\/wp\/v2\/comments?post=10678"}],"version-history":[{"count":18,"href":"https:\/\/www.harputdibek.com\/en\/wp-json\/wp\/v2\/pages\/10678\/revisions"}],"predecessor-version":[{"id":67536,"href":"https:\/\/www.harputdibek.com\/en\/wp-json\/wp\/v2\/pages\/10678\/revisions\/67536"}],"wp:attachment":[{"href":"https:\/\/www.harputdibek.com\/en\/wp-json\/wp\/v2\/media?parent=10678"}],"curies":[{"name":"wp","href":"https:\/\/api.w.org\/{rel}","templated":true}]}}