{"id":10662,"date":"2025-08-22T16:36:11","date_gmt":"2025-08-22T13:36:11","guid":{"rendered":"https:\/\/www.harputdibek.com\/en\/?page_id=10662"},"modified":"2025-09-02T13:06:50","modified_gmt":"2025-09-02T10:06:50","slug":"kurumsal-kimlik","status":"publish","type":"page","link":"https:\/\/www.harputdibek.com\/en\/kurumsal-kimlik\/","title":{"rendered":"Kurumsal Kimlik"},"content":{"rendered":"<div class=\"wpb-content-wrapper\"><p>[vc_row][vc_column]\n\t\t<div id=\"wd-68a8715580488\" class=\"title-wrapper wd-wpb wd-set-mb reset-last-child  wd-rs-68a8715580488 wd-title-color-primary wd-title-style-default text-left vc_custom_1755869541293 wd-underline-colored\">\n\t\t\t\t\t\t\t\n\t\t\t\t<div class=\"title-subtitle  subtitle-color-primary font-default subtitle-style-default wd-font-weight-600 wd-fontsize-xs\">HARPUT KAHVE SAN. T\u0130C. LTD. \u015eT\u0130.<\/div>\n\t\t\t\n\t\t\t<div class=\"liner-continer\">\n\t\t\t\t<h4 class=\"woodmart-title-container title  wd-font-weight- wd-fontsize-xxl\" >Kurumsal Kimlik<\/h4>\n\t\t\t\t\t\t\t<\/div>\n\t\t\t\n\t\t\t\n\t\t\t\n\t\t<\/div>\n\t\t\n\t\t[\/vc_column][\/vc_row][vc_row][vc_column width=&#8221;2\/3&#8243;][vc_column_text css=&#8221;&#8221; woodmart_inline=&#8221;no&#8221; text_larger=&#8221;no&#8221;]<\/p>\n<p style=\"text-align: justify;\">Harput Dibek ve Harput Kahve markalar\u0131na ait kurumsal kimlik belgemizi <a title=\"Kurumsal Kimlik - Harput Dibek\" href=\"https:\/\/www.harputdibek.com\/en\/wp-content\/uploads\/2025\/08\/Kurumsal-Kimlik-Harput-Dibek.pdf\" target=\"_blank\" rel=\"nofollow noopener sponsored\"><strong>bu ba\u011flant\u0131dan<\/strong><\/a> bilgisayar veya mobil cihaz\u0131n\u0131za indirebilirsiniz. \u0130ndirdi\u011finiz belgeyi a\u00e7abilmek i\u00e7in kulland\u0131\u011f\u0131n\u0131z cihazda Adobe Acrobat Reader uygulamas\u0131n\u0131n y\u00fckl\u00fc olmas\u0131 gerekmektedir.<\/p>\n<p style=\"text-align: justify;\">Kurumsal Kimlik Dosyam\u0131z\u0131 <a title=\"Kurumsal Kimlik - Harput Dibek\" href=\"https:\/\/www.harputdibek.com\/en\/wp-content\/uploads\/2025\/08\/Kurumsal-Kimlik-Harput-Dibek.pdf\" target=\"_blank\" rel=\"nofollow noopener sponsored\"><strong>Buradan<\/strong><\/a> \u0130ndirebilirsiniz.<\/p>\n<p style=\"text-align: justify;\">Reklam, i\u015f birli\u011fi, sponsorluk, etkinlik d\u00fczenleme, a\u00e7\u0131l\u0131\u015f, matbu i\u015fler ve sosyal medya payla\u015f\u0131mlar\u0131 gibi \u00f6zel durumlar i\u00e7in \u00f6l\u00e7\u00fc ve farkl\u0131 tasar\u0131mlar gerekmesi sebebiyle bu gibi istekleriniz i\u00e7in l\u00fctfen reklam koordinat\u00f6r\u00fcm\u00fczle ileti\u015fime ge\u00e7in. \u00d6ncelikli ileti\u015fim y\u00f6ntemimiz e-posta g\u00f6nderimi ve WhatsApp uygulamas\u0131yla sa\u011flanmaktad\u0131r. E-posta veya WhatsApp ile ileti\u015fime ge\u00e7ilmedi\u011fi takdirde maalesef size yard\u0131mc\u0131 olam\u0131yoruz.<\/p>\n<p>[\/vc_column_text][vc_empty_space woodmart_hide_large=&#8221;0&#8243; woodmart_hide_medium=&#8221;0&#8243; woodmart_hide_small=&#8221;0&#8243;][vc_row_inner][vc_column_inner width=&#8221;1\/2&#8243;]<div id=\"wd-68a8745b134bf\" class=\" wd-rs-68a8745b134bf  wd-button-wrapper text-center\"><a href=\"mailto:reklam@harputdibek.com\" title=\"\" target=\"_blank\" rel=\"nofollow\" class=\"btn btn-color-black btn-style-default btn-shape-semi-round btn-size-large btn-icon-pos-left\">E-posta G\u00f6nder<span class=\"wd-btn-icon\"><span class=\"wd-icon far fa-envelope\"><\/span><\/span><\/a><\/div>[\/vc_column_inner][vc_column_inner width=&#8221;1\/2&#8243;]<div id=\"wd-68a8747c211a0\" class=\" wd-rs-68a8747c211a0  wd-button-wrapper text-center\"><a href=\"https:\/\/wa.me\/+908503050385\" title=\"\" target=\"_blank\" rel=\"nofollow noopener\" class=\"btn btn-color-black btn-style-default btn-shape-semi-round btn-size-large btn-icon-pos-left\">WhatsApp&#039;tan Yaz<span class=\"wd-btn-icon\"><span class=\"wd-icon fab fa-whatsapp\"><\/span><\/span><\/a><\/div>[\/vc_column_inner][\/vc_row_inner][\/vc_column][vc_column width=&#8221;1\/3&#8243;]\t\t<div id=\"wd-68ae37385687f\" class=\"wd-image wd-wpb wd-rs-68ae37385687f text-center \">\n\t\t\t\t\t\t\t<a href=\"https:\/\/www.harputdibek.com\/en\/wp-content\/uploads\/2025\/08\/Kurumsal-Kimlik-Harput-Dibek.pdf\" target=\"_blank\">\n\t\t\t\n\t\t\t<img loading=\"lazy\" decoding=\"async\" width=\"600\" height=\"750\" src=\"https:\/\/www.harputdibek.com\/en\/wp-content\/uploads\/2025\/08\/DosyaIndir.jpg\" class=\"attachment-full size-full\" alt=\"\" srcset=\"https:\/\/www.harputdibek.com\/en\/wp-content\/uploads\/2025\/08\/DosyaIndir.jpg 600w, https:\/\/www.harputdibek.com\/en\/wp-content\/uploads\/2025\/08\/DosyaIndir-240x300.jpg 240w, https:\/\/www.harputdibek.com\/en\/wp-content\/uploads\/2025\/08\/DosyaIndir-430x538.jpg 430w, https:\/\/www.harputdibek.com\/en\/wp-content\/uploads\/2025\/08\/DosyaIndir-150x188.jpg 150w\" sizes=\"auto, (max-width: 600px) 100vw, 600px\" title=\"\">\n\t\t\t\t\t\t\t<\/a>\n\t\t\t\t\t<\/div>\n\t\t[\/vc_column][\/vc_row][vc_row][vc_column][vc_empty_space woodmart_hide_large=&#8221;0&#8243; woodmart_hide_medium=&#8221;0&#8243; woodmart_hide_small=&#8221;0&#8243;][vc_separator css=&#8221;&#8221; wd_hide_on_desktop=&#8221;no&#8221; wd_hide_on_tablet=&#8221;no&#8221; wd_hide_on_mobile=&#8221;no&#8221;][vc_empty_space woodmart_hide_large=&#8221;0&#8243; woodmart_hide_medium=&#8221;0&#8243; woodmart_hide_small=&#8221;0&#8243;][\/vc_column][\/vc_row][vc_row][vc_column width=&#8221;1\/2&#8243;]\t\t<div id=\"wd-68a7ddbae9108\" class=\"wd-text-block wd-wpb reset-last-child wd-rs-68a7ddbae9108 text-left vc_custom_1755831753660\">\n\t\t\t<p>Sosyal Medyada Bizi Takip Edin<\/p>\n\t\t<\/div>\n\t\t[\/vc_column][vc_column width=&#8221;1\/2&#8243;]\t\t\t<div\n\t\t\t\t\t\tclass=\" wd-rs-68a7ddcc03b90 wd-social-icons  wd-style-colored-alt wd-size-small social-follow wd-shape-circle color-scheme-dark text-right\">\n\t\t\t\t\n\t\t\t\t\n\t\t\t\t\t\t\t\t\t<a rel=\"noopener noreferrer nofollow\" href=\"https:\/\/www.facebook.com\/harputdibekcom\/\" target=\"_blank\" class=\" wd-social-icon social-facebook\" aria-label=\"Facebook social link\">\n\t\t\t\t\t\t<span class=\"wd-icon\"><\/span>\n\t\t\t\t\t\t\t\t\t\t\t<\/a>\n\t\t\t\t\n\t\t\t\t\t\t\t\t\t<a rel=\"noopener noreferrer nofollow\" href=\"https:\/\/x.com\/harputdibekcom\/\" target=\"_blank\" class=\" wd-social-icon social-twitter\" aria-label=\"X social link\">\n\t\t\t\t\t\t<span class=\"wd-icon\"><\/span>\n\t\t\t\t\t\t\t\t\t\t\t<\/a>\n\t\t\t\t\n\t\t\t\t\n\t\t\t\t\n\t\t\t\t\t\t\t\t\t<a rel=\"noopener noreferrer nofollow\" href=\"https:\/\/www.instagram.com\/harputdibekcom\/\" target=\"_blank\" class=\" wd-social-icon social-instagram\" aria-label=\"Instagram social link\">\n\t\t\t\t\t\t<span class=\"wd-icon\"><\/span>\n\t\t\t\t\t\t\t\t\t\t\t<\/a>\n\t\t\t\t\n\t\t\t\t\n\t\t\t\t\t\t\t\t\t<a rel=\"noopener noreferrer nofollow\" href=\"https:\/\/www.youtube.com\/c\/harputdibek\" target=\"_blank\" class=\" wd-social-icon social-youtube\" aria-label=\"YouTube social link\">\n\t\t\t\t\t\t<span class=\"wd-icon\"><\/span>\n\t\t\t\t\t\t\t\t\t\t\t<\/a>\n\t\t\t\t\n\t\t\t\t\n\t\t\t\t\n\t\t\t\t\t\t\t\t\t<a rel=\"noopener noreferrer nofollow\" href=\"https:\/\/www.linkedin.com\/company\/harputdibek\" target=\"_blank\" class=\" wd-social-icon social-linkedin\" aria-label=\"Linkedin social link\">\n\t\t\t\t\t\t<span class=\"wd-icon\"><\/span>\n\t\t\t\t\t\t\t\t\t\t\t<\/a>\n\t\t\t\t\n\t\t\t\t\n\t\t\t\t\n\t\t\t\t\n\t\t\t\t\n\t\t\t\t\n\t\t\t\t\n\t\t\t\t\n\t\t\t\t\n\t\t\t\t\t\t\t\t\t<a rel=\"noopener noreferrer nofollow\" href=\"https:\/\/wa.me\/+908503050385\" target=\"_blank\" class=\"wd-hide-md  wd-social-icon social-whatsapp\" aria-label=\"WhatsApp social link\">\n\t\t\t\t\t\t<span class=\"wd-icon\"><\/span>\n\t\t\t\t\t\t\t\t\t\t\t<\/a>\n\n\t\t\t\t\t<a rel=\"noopener noreferrer nofollow\" href=\"https:\/\/wa.me\/+908503050385\" target=\"_blank\" class=\"wd-hide-lg  wd-social-icon social-whatsapp\" aria-label=\"WhatsApp social link\">\n\t\t\t\t\t\t<span class=\"wd-icon\"><\/span>\n\t\t\t\t\t\t\t\t\t\t\t<\/a>\n\t\t\t\t\n\t\t\t\t\n\t\t\t\t\n\t\t\t\t\n\t\t\t\t\n\t\t\t\t\n\t\t\t\t\n\t\t\t\t\n\t\t\t<\/div>\n\n\t\t[\/vc_column][\/vc_row]<\/p>\n<\/div>","protected":false},"excerpt":{"rendered":"<p>[vc_row][vc_column][\/vc_column][\/vc_row][vc_row][vc_column width=&#8221;2\/3&#8243;][vc_column_text css=&#8221;&#8221; woodmart_inline=&#8221;no&#8221; text_larger=&#8221;no&#8221;] Harput Dibek ve Harput Kahve markalar\u0131na ait kurumsal kimlik belgemizi bu ba\u011flant\u0131dan bilgisayar veya mobil<\/p>\n","protected":false},"author":1,"featured_media":0,"parent":0,"menu_order":0,"comment_status":"closed","ping_status":"closed","template":"","meta":{"footnotes":""},"class_list":["post-10662","page","type-page","status-publish","hentry"],"jetpack_sharing_enabled":true,"_links":{"self":[{"href":"https:\/\/www.harputdibek.com\/en\/wp-json\/wp\/v2\/pages\/10662","targetHints":{"allow":["GET"]}}],"collection":[{"href":"https:\/\/www.harputdibek.com\/en\/wp-json\/wp\/v2\/pages"}],"about":[{"href":"https:\/\/www.harputdibek.com\/en\/wp-json\/wp\/v2\/types\/page"}],"author":[{"embeddable":true,"href":"https:\/\/www.harputdibek.com\/en\/wp-json\/wp\/v2\/users\/1"}],"replies":[{"embeddable":true,"href":"https:\/\/www.harputdibek.com\/en\/wp-json\/wp\/v2\/comments?post=10662"}],"version-history":[{"count":13,"href":"https:\/\/www.harputdibek.com\/en\/wp-json\/wp\/v2\/pages\/10662\/revisions"}],"predecessor-version":[{"id":67522,"href":"https:\/\/www.harputdibek.com\/en\/wp-json\/wp\/v2\/pages\/10662\/revisions\/67522"}],"wp:attachment":[{"href":"https:\/\/www.harputdibek.com\/en\/wp-json\/wp\/v2\/media?parent=10662"}],"curies":[{"name":"wp","href":"https:\/\/api.w.org\/{rel}","templated":true}]}}